{"id":82,"date":"2024-09-12T21:02:50","date_gmt":"2024-09-12T19:02:50","guid":{"rendered":"https:\/\/demo.ptta.at\/?page_id=82"},"modified":"2025-08-09T13:35:37","modified_gmt":"2025-08-09T11:35:37","slug":"tischtennis-als-therapie","status":"publish","type":"page","link":"https:\/\/ptta.at\/?page_id=82","title":{"rendered":"Tischtennis als Mittel zur Neurorehabilitation f\u00fcr Parkinson-Betroffene"},"content":{"rendered":"\n<div class=\"wp-block-group is-layout-flow wp-block-group-is-layout-flow\">\n<p>Selbst wenn es derzeit nur wenige wissenschaftlichen Studien in diese Richtung gibt, sind sich alle Betroffenen, die es ausprobiert haben, sicher: Die fortschreitende Verschlechterung der Symptome der Parkinson-Krankheit kann durch das Spielen von Tischtennis als eine Art der physikalischen Therapie verlangsamt werden.<br>Unser Verein m\u00f6chte die rund 30.000 von Parkinson betroffenen Menschen (Personen mit Parkinson=PmP) in \u00d6STERREICH von den Sofas und der h\u00e4ufigen Isolation weg, hinein in die Sporthallen und unter die Menschen bringen.\u00a0<br>\u00a0<\/p>\n\n\n\n<p>PmP sollen nicht vorwiegend passiv therapiert werden. Das pro-aktive Tischtennis-Spielen hat einen durchwegs positiven Einfluss auf die wichtigsten Behandlungsziele einer physikalischen Therapie bei Parkinson:<br><strong>F\u00f6rderung und Verbesserung der Beweglichkeit und der Koordination.<\/strong>\u00a0<br>Tischtennisspielen f\u00f6rdert das, was die Parkinson-Erkrankung den Betroffenen nimmt, n\u00e4mlich die Beweglichkeit, v.a. durch die vielen Seitw\u00e4rtsbewegungen. Zudem werden verschiedene koordinative F\u00e4higkeiten, wie die Auge-Hand-Koordination trainiert, da der Ball geschlagen wird, ohne auf den Schl\u00e4ger zu schauen.\u00a0<br>\u00a0<\/p>\n\n\n\n<p>Tischtennis verbindet einerseits die sportlichen und gesundheitlichen Aspekte mit dem Spa\u00df am Spiel. Andererseits kann man es nicht alleine spielen. Also kommt man unter Leute, und kann sich unterhalten, muss es aber nicht.&nbsp;<\/p>\n<\/div>\n\n\n\n<p><\/p>\n","protected":false},"excerpt":{"rendered":"<p>Selbst wenn es derzeit nur wenige wissenschaftlichen Studien in diese Richtung gibt, sind sich alle Betroffenen, die es ausprobiert haben, sicher: Die fortschreitende Verschlechterung der Symptome der Parkinson-Krankheit kann durch das Spielen von Tischtennis als eine Art der physikalischen Therapie verlangsamt werden.Unser Verein m\u00f6chte die rund 30.000 von Parkinson betroffenen Menschen (Personen mit Parkinson=PmP) in [&hellip;]<\/p>\n","protected":false},"author":4,"featured_media":0,"parent":0,"menu_order":0,"comment_status":"closed","ping_status":"closed","template":"","meta":{"footnotes":""},"class_list":["post-82","page","type-page","status-publish","hentry"],"_links":{"self":[{"href":"https:\/\/ptta.at\/index.php?rest_route=\/wp\/v2\/pages\/82","targetHints":{"allow":["GET"]}}],"collection":[{"href":"https:\/\/ptta.at\/index.php?rest_route=\/wp\/v2\/pages"}],"about":[{"href":"https:\/\/ptta.at\/index.php?rest_route=\/wp\/v2\/types\/page"}],"author":[{"embeddable":true,"href":"https:\/\/ptta.at\/index.php?rest_route=\/wp\/v2\/users\/4"}],"replies":[{"embeddable":true,"href":"https:\/\/ptta.at\/index.php?rest_route=%2Fwp%2Fv2%2Fcomments&post=82"}],"version-history":[{"count":9,"href":"https:\/\/ptta.at\/index.php?rest_route=\/wp\/v2\/pages\/82\/revisions"}],"predecessor-version":[{"id":1601,"href":"https:\/\/ptta.at\/index.php?rest_route=\/wp\/v2\/pages\/82\/revisions\/1601"}],"wp:attachment":[{"href":"https:\/\/ptta.at\/index.php?rest_route=%2Fwp%2Fv2%2Fmedia&parent=82"}],"curies":[{"name":"wp","href":"https:\/\/api.w.org\/{rel}","templated":true}]}}