{"id":69,"date":"2024-09-12T20:48:25","date_gmt":"2024-09-12T18:48:25","guid":{"rendered":"https:\/\/demo.ptta.at\/?page_id=69"},"modified":"2026-04-15T20:44:14","modified_gmt":"2026-04-15T18:44:14","slug":"trainingsstandorte","status":"publish","type":"page","link":"https:\/\/ptta.at\/?page_id=69","title":{"rendered":"Trainingsstandorte"},"content":{"rendered":"\n<figure class=\"wp-block-image\"><img loading=\"lazy\" decoding=\"async\" width=\"1024\" height=\"768\" src=\"https:\/\/demo.ptta.at\/wp-content\/uploads\/2024\/09\/hermi-und-gerda2-1024x768.jpg\" alt=\"\" class=\"wp-image-72\" srcset=\"https:\/\/ptta.at\/wp-content\/uploads\/2024\/09\/hermi-und-gerda2-1024x768.jpg 1024w, https:\/\/ptta.at\/wp-content\/uploads\/2024\/09\/hermi-und-gerda2-300x225.jpg 300w, https:\/\/ptta.at\/wp-content\/uploads\/2024\/09\/hermi-und-gerda2-768x576.jpg 768w, https:\/\/ptta.at\/wp-content\/uploads\/2024\/09\/hermi-und-gerda2-1536x1152.jpg 1536w, https:\/\/ptta.at\/wp-content\/uploads\/2024\/09\/hermi-und-gerda2-2048x1537.jpg 2048w\" sizes=\"auto, (max-width: 1024px) 100vw, 1024px\" \/><figcaption class=\"wp-element-caption\"><strong>Hermine beim Training mit Gerda in St. Georgen am Ybbsfelde, Foto: Willi Schmutz<\/strong><\/figcaption><\/figure>\n\n\n\n<h2 class=\"wp-block-heading has-text-align-center\">In fast allen Bundesl\u00e4ndern gibt es schon Trainingsstandorte f\u00fcr Parkinson-Tischtennis<\/h2>\n\n\n\n<p>Sie m\u00f6chten gerne Tischtennis bei Parkinson ausprobieren? Wenden Sie sich an einen unserer unten angef\u00fchrten Trainingsstandorte oder Partnervereine. Sollte Ihre Region nicht dabei sein, schreiben Sie uns an <strong><a href=\"mailto: info@ptta.at\" target=\"_blank\" rel=\"noreferrer noopener\">info(at)ptta.at<\/a><\/strong> &#8211; wir k\u00f6nnen auch noch an andere Trainingsorte vermitteln, oder sonst versuchen, einen passenden Verein in Ihrer Umgebung zu finden.<\/p>\n\n\n\n<p>Sie haben in Ihrem Tischtennisverein freie Tische und k\u00f6nnten Parkinson-SpielerInnen in Ihr w\u00f6chentliches Training integrieren? Bitte melden Sie sich   auf <strong><a href=\"mailto: info@ptta.at\" target=\"_blank\" rel=\"noreferrer noopener\">info(at)ptta.at<\/a><\/strong>, wir freuen uns \u00fcber jedes zus\u00e4tzliche Angebot, das wir Betroffenen vermitteln k\u00f6nnen. <\/p>\n\n\n\n<p>Sie m\u00f6chten gerne offizieller Parkinson-Tischtennis-Trainingsstandort bei PTTA werden? Schreiben Sie uns auf <strong><a href=\"mailto: info@ptta.at\" target=\"_blank\" rel=\"noreferrer noopener\">info(at)ptta.at<\/a><\/strong>, wir nehmen gerne Kontakt auf und kl\u00e4ren alle Details mit Ihnen.<\/p>\n\n\n\n<div class=\"wp-block-group alignfull has-global-padding is-layout-constrained wp-container-core-group-is-layout-d89aad35 wp-block-group-is-layout-constrained\" style=\"margin-top:0;margin-bottom:0;padding-top:var(--wp--preset--spacing--50);padding-right:var(--wp--preset--spacing--50);padding-bottom:var(--wp--preset--spacing--50);padding-left:var(--wp--preset--spacing--50)\">\n<div class=\"wp-block-columns alignwide is-layout-flex wp-container-core-columns-is-layout-d1c656ed wp-block-columns-is-layout-flex\">\n<div class=\"wp-block-column is-vertically-aligned-center is-layout-flow wp-block-column-is-layout-flow\" style=\"flex-basis:40%\">\n<h3 class=\"wp-block-heading is-style-asterisk\">K\u00e4rnten <\/h3>\n\n\n\n<p><strong>Ebenthal<\/strong>, beim TTC-Felsberger Gurnitz, Training mittwochs von 16 bis 18 Uhr (ausgenommen Schulferien) in der Volksschule 9065 Ebenthal, Neuhausstr.11,&nbsp;<\/p>\n\n\n\n<p>Parkpl\u00e4tze vor dem Turnsaal, behindertengerechter Zugang; zur Zeit keine Pl\u00e4tze mehr frei, bei Interesse f\u00fcr Warteliste Dietmar JAN anrufen: 0664 437 5797.<\/p>\n\n\n\n<p>&#8212;<\/p>\n\n\n\n<p><strong>Villach<\/strong>, beim PSV Villach,&nbsp;<\/p>\n\n\n\n<p>Trainingszeiten: Montag 16 bis 18 Uhr im Volkshaus Landskron, Volkshausstrasse 8, 9523 Villach\/Landskron<\/p>\n\n\n\n<p>Sektionsleiter Leopold Guldenbrein, 0680 &#8211; 3182594 oder 0680 &#8211; 3343510 <a href=\"mailto:leopold.guldenbrein@gmail.com\">leopold.guldenbrein@gmail.com<\/a><\/p>\n\n\n\n<p>Kontakt: Adolf Koffler, Leiter Parkinson Selbsthilfe Oberk\u00e4rnten, adolf.koffler@parkinsonselbsthilfe.at<\/p>\n\n\n\n<h3 class=\"wp-block-heading is-style-asterisk\">Nieder\u00f6sterreich<\/h3>\n\n\n\n<p><strong>St. Georgen am Ybbsfelde<\/strong>, bei der TTU St. Georgen\/Y., Vereinshaus Fussballklub &#8211; 1. Stock, Unionstra\u00dfe 2, 3304 St. Georgen \/Ybbsfelde. <\/p>\n\n\n\n<p>Training \u00fcblicherweise DO 16:30 bis 18:00 Uhr, selten Mittwochs, bitte vorher anrufen: Tel. 0676 3223 002<\/p>\n\n\n\n<p>&#8212;<\/p>\n\n\n\n<p><strong>Wiener Neudorf<\/strong>, Tischtennisverein 1947, Tennisstr. 1, 2351 Wr. Neudorf, neue Trainingszeiten Mittwoch (ohne Trainer) und Freitag (mit Trainer) von 11 bis 13 Uhr,  <a href=\"https:\/\/ptta.at\/wp-content\/uploads\/2025\/11\/ptt_info_a4_02_flyer-wr-neudorf-scaled.jpg\" target=\"_blank\" rel=\"noreferrer noopener\">Link Flyer<\/a><\/p>\n\n\n\n<p>Kontakt: Peter Karasek, 0664 110 2020, und <\/p>\n\n\n\n<p>Armin Walter, 0670 2065 716, ptt@ttvwn1947.at<\/p>\n\n\n\n<p>&#8212;<\/p>\n\n\n\n<p><strong>NEU: St. P\u00f6lten<\/strong>, beim VSV St. P\u00f6lten, Sport.Zentrum N\u00d6, Dr. Adolf Sch\u00e4rf-Stra\u00dfe 25, 3100 St. P\u00f6lten<\/p>\n\n\n\n<p>Dienstags von 15:30 bis 18:30 Uhr, Anmeldung bei Obmann-Stv. Elisabeth-Laila Maier, 0680 3180668<\/p>\n\n\n\n<p><a href=\"https:\/\/www.selbsthilfenoe.at\/gruppen\/versehrtensportverein-vsv-st-poelten\/\" target=\"_blank\" rel=\"noreferrer noopener\">VSV \u2013 St. P\u00f6lten<\/a><\/p>\n\n\n\n<h3 class=\"wp-block-heading is-style-asterisk\">Ober\u00f6sterreich<\/h3>\n\n\n\n<p><strong>Dietach<\/strong>, beim TTC Procon Wohnbau Dietach, im KuBeZ  Kirchenplatz 12, 4407 Dietach <\/p>\n\n\n\n<p>Training MO von 16:30 bis 18:00 (in den Sommerferien von 17:00 bis 18:30; vorher bitte Kontaktaufnahme unter Tel. 0677-63685112), <a href=\"http:\/\/www.tischtennis-dietach.at\" target=\"_blank\" rel=\"noreferrer noopener\">www.tischtennis-dietach.at<\/a><\/p>\n\n\n\n<p>&#8212;<\/p>\n\n\n\n<p><strong>Ottensheim<\/strong>, beim TSV&nbsp;Ottensheim,&nbsp;Trainingszeiten: Montag 10 bis 12 Uhr und Mittwoch 10 bis 12 Uhr,&nbsp;Tel. 0676 551 3219, <a href=\"https:\/\/ptt-ottensheim.at\/\" target=\"_blank\" rel=\"noreferrer noopener\">Parkinson Tischtennis Ottensheim<\/a><\/p>\n\n\n\n<p>&#8212;<\/p>\n\n\n\n<p><strong>Linz<\/strong>, beim BBRZ Linz, Industriezeile 47a, 4020 Linz, Kontakt: Tel. 0732\/ 69225328, Email: <a href=\"mailto:bsv@bbrz.at\">bsv@bbrz.at<\/a><\/p>\n\n\n\n<p>&#8212;<\/p>\n\n\n\n<p><strong>Wels<\/strong>, Porzellangasse 44, Sporthalle Vogelweide, bei der SPG Felbermayr Wels, Tel. 0660 632 7081<\/p>\n\n\n\n<p>&#8212;<\/p>\n<\/div>\n\n\n\n<div class=\"wp-block-column is-layout-flow wp-block-column-is-layout-flow\" style=\"flex-basis:50%\">\n<h3 class=\"wp-block-heading is-style-asterisk\">Salzburg<\/h3>\n\n\n\n<p style=\"line-height:1.2\"><strong>Stadt Salzburg<\/strong>, beim BSC-TT: Behindertensportclub Tischtennis, Union-Sportzentrum-Mitte, Ulrike-Gschwandtner-Stra\u00dfe 6, 2. OG<\/p>\n\n\n\n<p style=\"line-height:1.2\">Training: W\u00f6chentlich immer Montag und Mittwoch 18:00 Uhr bis 20:00 Uhr &#8211; am Mittwoch 18:30 bis 20 Uhr mit Trainer!<\/p>\n\n\n\n<p style=\"line-height:1.2\">Kontakt: Obmann:&nbsp;Thomas Eistert, Tel.-Nr. +43 664\/8565430, Obmann-Stellvertreter:&nbsp;Roland Landauer, Tel.-Nr. +43 664\/1341630, Email: <a href=\"mailto:bsv.salzburg@aon.at\" target=\"_blank\" rel=\"noreferrer noopener\">bsv.salzburg@aon.at<\/a><\/p>\n\n\n\n<h3 class=\"wp-block-heading is-style-asterisk\">Tirol<\/h3>\n\n\n\n<p><strong>Innsbruck<\/strong>, Parkinson Tischtennis Tirol, Ansprechpartner Ollram&nbsp; Horst:<\/p>\n\n\n\n<p>Tel. 0660-3492932; derzeit gibt es einen Aufnahmestopp, aber InteressentInnen setzen wir gerne auf die Warteliste.<\/p>\n\n\n\n<h3 class=\"wp-block-heading is-style-asterisk\">Wien<\/h3>\n\n\n\n<p><strong>Wien-Floridsdorf<\/strong>, bei Post SV Wien, Standortleiter Thomas Swoboda, Tel. 0664 140 3220; Infos auch bei Negin Schaller, Tel. 0699 1000 2617; Sektionsleiter Tischtennis Post SV Robert Mantle, Bahnsteggasse 17-23, 1210 Wien.<\/p>\n\n\n\n<p>&#8212;<\/p>\n\n\n\n<p><strong>Weitere Parkinson-Tischtennis-Spielm\u00f6glichkeiten in Wien:<\/strong><\/p>\n\n\n\n<p>Die <strong>Tischtennisgruppe der Wiener Parkinson Selbsthilfe<\/strong> trifft sich jeden Freitag ab 13 Uhr im Tischtennis-Center Lange Gasse 69, 1080 Wien. Bei Interesse hier anmelden: Tel. 0681 814&nbsp;253 12.<\/p>\n\n\n\n<p>&#8212;<\/p>\n\n\n\n<p>In Wien-Kaiserm\u00fchlen, bei <strong>WAT Kaiserm\u00fchlen<\/strong>, TS Am Kaiserm\u00fchlendamm 2,&nbsp; 1220 Wien, k\u00f6nnen Sie gerne selbst mit Ansprechpartner Herrn Walter Walenda, Tel. 0664 120 4444, Kontakt aufnehmen. Es besteht t\u00e4glich von MO bis FR  ab 17 Uhr die M\u00f6glichkeit, zum Schnuppern vorbeizukommen.<\/p>\n\n\n\n<p>&#8212;<\/p>\n\n\n\n<p><strong>SPINCITY<\/strong>, Altmannsdorferstr. 154-156, 1230 Wien, Kontakt: Dominik Habesohn, Telefon: 0670 602 5406, Email: office@spincity.at &#8211; hier kann man auch jederzeit nach Vereinbarung zum Schnuppern vorbeikommen.<\/p>\n\n\n\n<p>__<\/p>\n\n\n\n<p>Neu: <strong><a href=\"https:\/\/tischtennishobbywien.at\/\" target=\"_blank\" rel=\"noreferrer noopener\">Tischtennis Hobby Wien &#8211;&nbsp;Tischtennis in Wien neu erleben<\/a><\/strong><\/p>\n\n\n\n<p>\u00dcber <a href=\"https:\/\/discord.com\/invite\/3fyBdTZZrV\" target=\"_blank\" rel=\"noreferrer noopener\"><strong>Anmeldung online<\/strong><\/a> und eine App (Kalender, Spielorte, etc.)  dann kostenlose Spielm\u00f6glichkeiten in ganz Wien nutzbar!  <\/p>\n\n\n\n<p>Ansprechperson und Obmann:&nbsp;Michael Mader, Kontakt:<br>\ud83d\udce7 <a href=\"mailto:office@tischtennishobbywien.at\">office@tischtennishobbywien.at<\/a><br>\ud83d\udcde +43 681 20338255<\/p>\n\n\n\n<p><em>Tischtennis Hobby Wien \u2013 Bewegung, Begegnung und Begeisterung.<\/em><\/p>\n\n\n\n<hr class=\"wp-block-separator has-alpha-channel-opacity\"\/>\n\n\n\n<p><strong>Weiters gibt es bei einigen lokalen Tischtennisvereinen Trainingsm\u00f6glichkeiten f\u00fcr unsere Parkinson-\u00d6sterreich-Mitglieder, so unter anderem in:<\/strong><\/p>\n\n\n\n<p class=\"has-medium-font-size\">Nieder\u00f6sterreich in: Herzogenburg, Mistelbach, Neunkirchen, Randegg, St. Veit an der G\u00f6lsen, Stockerau, und bald auch in Wieselburg,<\/p>\n\n\n\n<p>Ober\u00f6sterreich in: Linz-Leonding und V\u00f6cklabruck<\/p>\n\n\n\n<p>Steiermark in: Graz (Gruppe zur Zeit voll, aber wir setzen Sie gerne auf die Warteliste)  ;   Spielm\u00f6glichkeit auch in Ligist<\/p>\n\n\n\n<p>Tirol in: Mieming<\/p>\n\n\n\n<p>Vorarlberg in: Lauterach<\/p>\n\n\n\n<p><strong>Hier stellen wir gerne auf Anfrage Kontakt her.<\/strong><\/p>\n\n\n\n<p><\/p>\n<\/div>\n<\/div>\n\n\n\n<div class=\"wp-block-group alignwide has-global-padding is-layout-constrained wp-container-core-group-is-layout-19e250f3 wp-block-group-is-layout-constrained\">\n<div class=\"wp-block-group alignwide has-global-padding is-layout-constrained wp-block-group-is-layout-constrained\"><\/div>\n<\/div>\n<\/div>\n\n\n\n<p><\/p>\n","protected":false},"excerpt":{"rendered":"<p>In fast allen Bundesl\u00e4ndern gibt es schon Trainingsstandorte f\u00fcr Parkinson-Tischtennis Sie m\u00f6chten gerne Tischtennis bei Parkinson ausprobieren? Wenden Sie sich an einen unserer unten angef\u00fchrten Trainingsstandorte oder Partnervereine. Sollte Ihre Region nicht dabei sein, schreiben Sie uns an info(at)ptta.at &#8211; wir k\u00f6nnen auch noch an andere Trainingsorte vermitteln, oder sonst versuchen, einen passenden Verein in [&hellip;]<\/p>\n","protected":false},"author":4,"featured_media":0,"parent":0,"menu_order":0,"comment_status":"closed","ping_status":"closed","template":"","meta":{"footnotes":""},"class_list":["post-69","page","type-page","status-publish","hentry"],"_links":{"self":[{"href":"https:\/\/ptta.at\/index.php?rest_route=\/wp\/v2\/pages\/69","targetHints":{"allow":["GET"]}}],"collection":[{"href":"https:\/\/ptta.at\/index.php?rest_route=\/wp\/v2\/pages"}],"about":[{"href":"https:\/\/ptta.at\/index.php?rest_route=\/wp\/v2\/types\/page"}],"author":[{"embeddable":true,"href":"https:\/\/ptta.at\/index.php?rest_route=\/wp\/v2\/users\/4"}],"replies":[{"embeddable":true,"href":"https:\/\/ptta.at\/index.php?rest_route=%2Fwp%2Fv2%2Fcomments&post=69"}],"version-history":[{"count":103,"href":"https:\/\/ptta.at\/index.php?rest_route=\/wp\/v2\/pages\/69\/revisions"}],"predecessor-version":[{"id":2463,"href":"https:\/\/ptta.at\/index.php?rest_route=\/wp\/v2\/pages\/69\/revisions\/2463"}],"wp:attachment":[{"href":"https:\/\/ptta.at\/index.php?rest_route=%2Fwp%2Fv2%2Fmedia&parent=69"}],"curies":[{"name":"wp","href":"https:\/\/api.w.org\/{rel}","templated":true}]}}