{"id":6,"date":"2024-09-10T19:58:56","date_gmt":"2024-09-10T17:58:56","guid":{"rendered":"https:\/\/demo.ptta.at\/?page_id=3"},"modified":"2024-09-14T17:31:43","modified_gmt":"2024-09-14T15:31:43","slug":"datenschutzerklaerung","status":"publish","type":"page","link":"https:\/\/ptta.at\/?page_id=6","title":{"rendered":"Datenschutzerkl\u00e4rung"},"content":{"rendered":"\n<h2 class=\"wp-block-heading\">Wer wir sind<\/h2>\n\n\n\n<p>Die Adresse unserer Website ist: https:\/\/www.ptta.at.<\/p>\n\n\n\n<p>Parkinson Table Tennis Austria, ZVR-Zahl 1320838290<\/p>\n\n\n\n<h2 class=\"wp-block-heading\">Datenschutz<\/h2>\n\n\n\n<p>Auf unseren Seiten werden keine personenbezogenen Daten (beispielsweise Name, Anschrift oder eMail-Adressen) erhoben. Die Nutzung der Informationsangebote und Dienste ist ohne Angabe personenbezogener Daten m\u00f6glich. <\/p>\n\n\n\n<p>Sollten Sie dem Verein beitreten wollen, laden Sie das Antragsformular im Downloadbereich herunter, f\u00fcllen es aus, und mailen es an info(at)ptta.at. Mit Ihrer Unterschrift am Antragsformular stimmen Sie der Verwendung Ihrer Daten f\u00fcr die Verarbeitung in unserer Mitgliederliste zu (Details finden Sie im Antragsformular). Gesundheitsdaten, wie das Parkinson-Erstdiagnose-Datum, werden nur iintern zur Klassifizierung f\u00fcr die Einteilung in Turnierklassen verwendet, und keinesfalls weitergegeben.<\/p>\n\n\n\n<p>Der Nutzung von im Rahmen der Impressumspflicht ver\u00f6ffentlichten Kontaktdaten durch Dritte zur \u00dcbersendung von nicht ausdr\u00fccklich angeforderter Werbung und Informationsmaterialien wird hiermit ausdr\u00fccklich widersprochen. Die Betreiber der Seiten behalten sich ausdr\u00fccklich rechtliche Schritte im Falle der unverlangten Zusendung von Werbeinformationen, etwa durch Spam-Mails, vor.<br>Bei Fragen wenden Sie sich an unsere Datenschutzbeauftragte, Irmgard Plank,&nbsp;datenschutz(at)ptta.at.<\/p>\n\n\n\n<h2 class=\"wp-block-heading\">Cookies<\/h2>\n\n\n\n<p>Diese Website verwendet Cookies. Weitere Informationen zu den Cookie-Arten finden sich unter den jeweiligen Kategorien. Dort lassen sich auch einzelne Cookies aktivieren. Die Cookie-Einstellungen k\u00f6nnen jederzeit \u00fcber den Link im Footer dieser Website angepasst werden.<\/p>\n\n\n\n<h2 class=\"wp-block-heading\">Eingebettete Inhalte von anderen Websites<\/h2>\n\n\n\n<p>Beitr\u00e4ge auf dieser Website k\u00f6nnen eingebettete Inhalte beinhalten (z.&nbsp;B. Videos, Bilder, Beitr\u00e4ge etc.). Eingebettete Inhalte von anderen Websites verhalten sich exakt so, als ob der Besucher die andere Website besucht h\u00e4tte.<\/p>\n\n\n\n<p>Diese Websites k\u00f6nnen Daten \u00fcber dich sammeln, Cookies benutzen, zus\u00e4tzliche Tracking-Dienste von Dritten einbetten und deine Interaktion mit diesem eingebetteten Inhalt aufzeichnen, inklusive deiner Interaktion mit dem eingebetteten Inhalt, falls du ein Konto hast und auf dieser Website angemeldet bist.<\/p>\n\n\n\n<p><strong>Fotocredits<\/strong><\/p>\n\n\n\n<p>Alle Fotos, soferne nicht anders angegeben: Parkinson Table Tennis Austria, Hermine Hofner, Engelbert Hofner, Irmgard Plank, Karin Sommerhuber, Kurt Bayer, Werner Maurer<\/p>\n","protected":false},"excerpt":{"rendered":"<p>Wer wir sind Die Adresse unserer Website ist: https:\/\/www.ptta.at. Parkinson Table Tennis Austria, ZVR-Zahl 1320838290 Datenschutz Auf unseren Seiten werden keine personenbezogenen Daten (beispielsweise Name, Anschrift oder eMail-Adressen) erhoben. Die Nutzung der Informationsangebote und Dienste ist ohne Angabe personenbezogener Daten m\u00f6glich. Sollten Sie dem Verein beitreten wollen, laden Sie das Antragsformular im Downloadbereich herunter, f\u00fcllen [&hellip;]<\/p>\n","protected":false},"author":2,"featured_media":0,"parent":0,"menu_order":0,"comment_status":"closed","ping_status":"open","template":"","meta":{"footnotes":""},"class_list":["post-6","page","type-page","status-publish","hentry"],"_links":{"self":[{"href":"https:\/\/ptta.at\/index.php?rest_route=\/wp\/v2\/pages\/6","targetHints":{"allow":["GET"]}}],"collection":[{"href":"https:\/\/ptta.at\/index.php?rest_route=\/wp\/v2\/pages"}],"about":[{"href":"https:\/\/ptta.at\/index.php?rest_route=\/wp\/v2\/types\/page"}],"author":[{"embeddable":true,"href":"https:\/\/ptta.at\/index.php?rest_route=\/wp\/v2\/users\/2"}],"replies":[{"embeddable":true,"href":"https:\/\/ptta.at\/index.php?rest_route=%2Fwp%2Fv2%2Fcomments&post=6"}],"version-history":[{"count":2,"href":"https:\/\/ptta.at\/index.php?rest_route=\/wp\/v2\/pages\/6\/revisions"}],"predecessor-version":[{"id":221,"href":"https:\/\/ptta.at\/index.php?rest_route=\/wp\/v2\/pages\/6\/revisions\/221"}],"wp:attachment":[{"href":"https:\/\/ptta.at\/index.php?rest_route=%2Fwp%2Fv2%2Fmedia&parent=6"}],"curies":[{"name":"wp","href":"https:\/\/api.w.org\/{rel}","templated":true}]}}