{"id":471,"date":"2024-10-08T21:56:18","date_gmt":"2024-10-08T19:56:18","guid":{"rendered":"https:\/\/demo.ptta.at\/?page_id=471"},"modified":"2025-09-27T12:42:25","modified_gmt":"2025-09-27T10:42:25","slug":"1-oesterreichische-parkinson-tischtennis-meisterschaften-2024","status":"publish","type":"page","link":"https:\/\/ptta.at\/?page_id=471","title":{"rendered":"1. \u00d6sterreichische Parkinson-Tischtennis-Meisterschaften 2024"},"content":{"rendered":"\n<p>Am 28. und 29. September fanden im BSFZ Faaker See die <\/p>\n\n\n\n<p>1. \u00d6sterreichischen Meisterschaften im Parkinson-Tischtennis statt.                 <\/p>\n\n\n\n<p>30 StarterInnen aus 7 Bundesl\u00e4ndern spielten um die ersten \u00d6sterreichischen Meistertitel im Parkinson Tischtennis. <\/p>\n\n\n\n<p>Danke an den \u00d6TTV und dern K\u00e4rntner TTV, die uns diese Veranstaltung erm\u00f6glicht haben.<\/p>\n\n\n\n<p>Wir gratulieren den 1. \u00d6sterreichischen Meistern im Einzel, Agnes Jan aus K\u00e4rnten und Roland Wimmer aus Ober\u00f6sterreich, aber auch allen anderen Titelgewinnern in den Doppeln. Siehe Ergebnisliste anbei.<\/p>\n\n\n\n<div class=\"wp-block-file\"><a id=\"wp-block-file--media-aa9d5024-0ebc-43a5-8d66-88fd98f74796\" href=\"https:\/\/ptta.at\/wp-content\/uploads\/2025\/09\/Endergebnis-OeM_Logos.pdf\" target=\"_blank\" rel=\"noreferrer noopener\">Endergebnis 1. \u00d6M<\/a><a href=\"https:\/\/ptta.at\/wp-content\/uploads\/2025\/09\/Endergebnis-OeM_Logos.pdf\" class=\"wp-block-file__button wp-element-button\" download aria-describedby=\"wp-block-file--media-aa9d5024-0ebc-43a5-8d66-88fd98f74796\">Herunterladen<\/a><\/div>\n\n\n\n<div class=\"wp-block-group alignwide has-global-padding is-layout-constrained wp-block-group-is-layout-constrained\"><div><style id=\"wp_carousel_dynamic_css477\">.sp-wp-carousel-free-id-477.wpcf-fancybox-wrapper .fancybox-bg{background: #0b0b0b;opacity: 0.8;}.sp-wp-carousel-free-id-477.wpcf-fancybox-wrapper .fancybox-navigation .fancybox-button .wpcp-fancybox-nav-arrow i {color: #ccc;}.sp-wp-carousel-free-id-477.wpcf-fancybox-wrapper .fancybox-navigation .fancybox-button .wpcp-fancybox-nav-arrow i:hover {color: #fff;}.sp-wp-carousel-free-id-477.wpcf-fancybox-wrapper .fancybox-navigation .fancybox-button {background: #1e1e1e;}.sp-wp-carousel-free-id-477.wpcf-fancybox-wrapper .fancybox-navigation .fancybox-button:hover {background: #1e1e1e;}#sp-wp-carousel-free-id-477 .wpcp-swiper-dots {margin: 40px 0px 0px 0px;}.wpcp-wrapper-477 .swiper-wrapper .swiper-slide-kenburn, .wpcp-wrapper-477 .swiper-wrapper, .wpcp-wrapper-477 .wpcpro-row{align-items: center;}#sp-wp-carousel-free-id-477 .wpcp-single-item {box-shadow: 0px 0px 0px 0px #dddddd;transition: all .3s;margin: 0px;}#sp-wp-carousel-free-id-477.swiper-flip .wpcp-single-item{margin: 0!important;}#sp-wp-carousel-free-id-477 .wpcp-single-item:hover {box-shadow: 0px 0px 0px 0px #dddddd;}#sp-wp-carousel-free-id-477.sp-wpcp-477 .wpcp-single-item {border: 1px solid #dddddd;} .wpcp-wrapper-477 .sp-wpcpro-section-title, .postbox .wpcp-wrapper-477 .sp-wpcpro-section-title, #poststuff .wpcp-wrapper-477 .sp-wpcpro-section-title { margin-bottom: 30px; }#sp-wp-carousel-free-id-477.wpcp-carousel-section.sp-wpcp-477 .swiper-button-prev,#sp-wp-carousel-free-id-477.wpcp-carousel-section.sp-wpcp-477 .swiper-button-next,#sp-wp-carousel-free-id-477.wpcp-carousel-section.sp-wpcp-477 .swiper-button-prev:hover,#sp-wp-carousel-free-id-477.wpcp-carousel-section.sp-wpcp-477 .swiper-button-next:hover {font-size: 18px ; font-weight: 400;}#sp-wp-carousel-free-id-477.sp-wpcp-477 .swiper-button-prev,#sp-wp-carousel-free-id-477.sp-wpcp-477 .swiper-button-next,#sp-wp-carousel-free-id-477.sp-wpcp-477 .swiper-button-prev:hover,#sp-wp-carousel-free-id-477.sp-wpcp-477 .swiper-button-next:hover {background: none;border: none;font-size: 30px;}#sp-wp-carousel-free-id-477.sp-wpcp-477 .swiper-button-prev i,#sp-wp-carousel-free-id-477.sp-wpcp-477 .swiper-button-next i {color: #aaa;}#sp-wp-carousel-free-id-477.sp-wpcp-477 .swiper-button-prev i:hover,#sp-wp-carousel-free-id-477.sp-wpcp-477 .swiper-button-next i:hover {color: #8224e3;}#sp-wp-carousel-free-id-477.sp-wpcp-477 .wpcp-swiper-dots .swiper-pagination-bullet {background-color: #cccccc;}#sp-wp-carousel-free-id-477.sp-wpcp-477 .wpcp-swiper-dots .swiper-pagination-bullet.swiper-pagination-bullet-active {background-color: #8224e3;} #sp-wp-carousel-free-id-477.sp-wpcp-477.wpcp-image-carousel .wpcp-single-item:hover img, #sp-wp-carousel-free-id-477.sp-wpcp-477.wpcp-post-carousel .wpcp-single-item:hover img, #sp-wp-carousel-free-id-477.sp-wpcp-477.wpcp-product-carousel .wpcp-single-item:hover img{-webkit-transform: scale(1.2);-moz-transform: scale(1.2);transform: scale(1.2);}#sp-wp-carousel-free-id-477 .wpcpro-row>[class*=\"wpcpro-col-\"] { padding: 0 10px; padding-bottom: 20px;} #sp-wp-carousel-free-id-477 .swiper-slide .single-item-fade:not(:last-child) { margin-right: 20px;}@media (min-width: 480px) { .wpcpro-row .wpcpro-col-sm-1 { flex: 0 0 100%; max-width: 100%; } .wpcpro-row .wpcpro-col-sm-2 { flex: 0 0 50%; max-width: 50%; } .wpcpro-row .wpcpro-col-sm-2-5 { flex: 0 0 75%; max-width: 75%; } .wpcpro-row .wpcpro-col-sm-3 { flex: 0 0 33.333%; max-width: 33.333%; } .wpcpro-row .wpcpro-col-sm-4 { flex: 0 0 25%; max-width: 25%; } .wpcpro-row .wpcpro-col-sm-5 { flex: 0 0 20%; max-width: 20%; } .wpcpro-row .wpcpro-col-sm-6 { flex: 0 0 16.66666666666667%; max-width: 16.66666666666667%; } .wpcpro-row .wpcpro-col-sm-7 { flex: 0 0 14.28571428%; max-width: 14.28571428%; } .wpcpro-row .wpcpro-col-sm-8 { flex: 0 0 12.5%; max-width: 12.5%; } } @media (max-width: 480px) { .wpcpro-row .wpcpro-col-xs-1 { flex: 0 0 100%; max-width: 100%; } .wpcpro-row .wpcpro-col-xs-2 { flex: 0 0 50%; max-width: 50%; } .wpcpro-row .wpcpro-col-xs-3 { flex: 0 0 33.222%; max-width: 33.222%; } .wpcpro-row .wpcpro-col-xs-4 { flex: 0 0 25%; max-width: 25%; } .wpcpro-row .wpcpro-col-xs-5 { flex: 0 0 20%; max-width: 20%; } .wpcpro-row .wpcpro-col-xs-6 { flex: 0 0 16.6667%; max-width: 16.6667%; } .wpcpro-row .wpcpro-col-xs-7 { flex: 0 0 14.28571428%; max-width: 14.28571428%; } .wpcpro-row .wpcpro-col-xs-8 { flex: 0 0 12.5%; max-width: 12.5%; } } @media (min-width: 736px) { .wpcpro-row .wpcpro-col-md-1 { flex: 0 0 100%; max-width: 100%; } .wpcpro-row .wpcpro-col-md-2 { flex: 0 0 50%; max-width: 50%; } .wpcpro-row .wpcpro-col-md-2-5 { flex: 0 0 75%; max-width: 75%; } .wpcpro-row .wpcpro-col-md-3 { flex: 0 0 33.333%; max-width: 33.333%; } .wpcpro-row .wpcpro-col-md-4 { flex: 0 0 25%; max-width: 25%; } .wpcpro-row .wpcpro-col-md-5 { flex: 0 0 20%; max-width: 20%; } .wpcpro-row .wpcpro-col-md-6 { flex: 0 0 16.66666666666667%; max-width: 16.66666666666667%; } .wpcpro-row .wpcpro-col-md-7 { flex: 0 0 14.28571428%; max-width: 14.28571428%; } .wpcpro-row .wpcpro-col-md-8 { flex: 0 0 12.5%; max-width: 12.5%; } } @media (min-width: 980px) { .wpcpro-row .wpcpro-col-lg-1 { flex: 0 0 100%; max-width: 100%; } .wpcpro-row .wpcpro-col-lg-2 { flex: 0 0 50%; max-width: 50%; } .wpcpro-row .wpcpro-col-lg-3 { flex: 0 0 33.222%; max-width: 33.222%; } .wpcpro-row .wpcpro-col-lg-4 { flex: 0 0 25%; max-width: 25%; } .wpcpro-row .wpcpro-col-lg-5 { flex: 0 0 20%; max-width: 20%; } .wpcpro-row .wpcpro-col-lg-6 { flex: 0 0 16.6667%; max-width: 16.6667%; } .wpcpro-row .wpcpro-col-lg-7 { flex: 0 0 14.28571428%; max-width: 14.28571428%; } .wpcpro-row .wpcpro-col-lg-8 { flex: 0 0 12.5%; max-width: 12.5%; } } @media (min-width: 1200px) { .wpcpro-row .wpcpro-col-xl-1 { flex: 0 0 100%; max-width: 100%; } .wpcpro-row .wpcpro-col-xl-2 { flex: 0 0 50%; max-width: 50%; } .wpcpro-row .wpcpro-col-xl-3 { flex: 0 0 33.22222222%; max-width: 33.22222222%; } .wpcpro-row .wpcpro-col-xl-4 { flex: 0 0 25%; max-width: 25%; } .wpcpro-row .wpcpro-col-xl-5 { flex: 0 0 20%; max-width: 20%; } .wpcpro-row .wpcpro-col-xl-6 { flex: 0 0 16.66667%; max-width: 16.66667%; } .wpcpro-row .wpcpro-col-xl-7 { flex: 0 0 14.28571428%; max-width: 14.28571428%; } .wpcpro-row .wpcpro-col-xl-8 { flex: 0 0 12.5%; max-width: 12.5%; } }<\/style><div class=\"wpcp-carousel-wrapper wpcp-wrapper-477\">\n\t<h2 class=\"sp-wpcpro-section-title\"> Fotos von der Siegerehrung <\/h2>\n<div id=\"wpcp-preloader-477\" class=\"wpcp-carousel-preloader\"><img decoding=\"async\" src=\"https:\/\/ptta.at\/wp-content\/plugins\/wp-carousel-free\/public\/css\/spinner.svg\" alt=\"Preloader Image\" \/><\/div>\t<div class=\"wpcp-carousel-content-wrapper\">\n\t<div id=\"sp-wp-carousel-free-id-477\" class=\"wpcp-carousel-section sp-wpcp-477  nav-vertical-center wpcp-image-carousel wpcp-preloader wpcp-standard\" data-swiper='{ &quot;pagination_type&quot;: &quot;dots&quot;,&quot;accessibility&quot;:true, &quot;spaceBetween&quot;:20, &quot;arrows&quot;:true, &quot;freeMode&quot;: false, &quot;autoplay&quot;:true, &quot;effect&quot;: &quot;&quot;, &quot;centerMode&quot;: false, &quot;autoplaySpeed&quot;:3000, &quot;dots&quot;:true, &quot;infinite&quot;:false, &quot;speed&quot;:600, &quot;pauseOnHover&quot;:true,\n\t\t\t&quot;slidesToShow&quot;:{&quot;lg_desktop&quot;:5, &quot;desktop&quot;: 4, &quot;laptop&quot;: 3, &quot;tablet&quot;: 2, &quot;mobile&quot;: 1}, &quot;responsive&quot;:{&quot;desktop&quot;:1200, &quot;laptop&quot;: 980, &quot;tablet&quot;: 736, &quot;mobile&quot;: 480}, &quot;rtl&quot;:false, &quot;lazyLoad&quot;: &quot;false&quot;, &quot;swipe&quot;: true, &quot;draggable&quot;: true, &quot;swipeToSlide&quot;:false }' dir=\"ltr\">\n\t\t<div class=\"swiper-wrapper\">\n\t\t<div class=\"swiper-slide\">\n\t<div class=\"wpcp-single-item\">\n\t\t\t<a class=\"wcp-light-box\" data-buttons='[\"close\"]' data-wpc_url='https:\/\/ptta.at\/wp-content\/uploads\/2024\/10\/P1060247-scaled.jpg' href=\"https:\/\/ptta.at\/wp-content\/uploads\/2024\/10\/P1060247-scaled.jpg\" data-fancybox=\"wpcp_view\">\n\t\t<figure>\n\t\t\t<img loading=\"lazy\" decoding=\"async\" class=\"skip-lazy\" src=\"https:\/\/ptta.at\/wp-content\/uploads\/2024\/10\/P1060247-scaled.jpg\" title=\"Die TeilnehmerInnen und das Organisationsteam\" alt=\"Die TeilnehmerInnen und das Organisationsteam\" width=\"2560\" height=\"1422\">\t\t<\/figure>\n\t<\/a>\n\t\t<\/div>\n<\/div>\n\t<div class=\"swiper-slide\">\n\t<div class=\"wpcp-single-item\">\n\t\t\t<a class=\"wcp-light-box\" data-buttons='[\"close\"]' data-wpc_url='https:\/\/ptta.at\/wp-content\/uploads\/2024\/10\/IMG_7882-scaled.jpg' href=\"https:\/\/ptta.at\/wp-content\/uploads\/2024\/10\/IMG_7882-scaled.jpg\" data-fancybox=\"wpcp_view\">\n\t\t<figure>\n\t\t\t<img loading=\"lazy\" decoding=\"async\" class=\"skip-lazy\" src=\"https:\/\/ptta.at\/wp-content\/uploads\/2024\/10\/IMG_7882-scaled.jpg\" title=\"Das Schiedsrichterteam, danke an den KTTV\" alt=\"Das Schiedsrichterteam, danke an den KTTV\" width=\"2560\" height=\"1920\">\t\t<\/figure>\n\t<\/a>\n\t\t<\/div>\n<\/div>\n\t<div class=\"swiper-slide\">\n\t<div class=\"wpcp-single-item\">\n\t\t\t<a class=\"wcp-light-box\" data-buttons='[\"close\"]' data-wpc_url='https:\/\/ptta.at\/wp-content\/uploads\/2024\/10\/IMG_7909-scaled.jpg' href=\"https:\/\/ptta.at\/wp-content\/uploads\/2024\/10\/IMG_7909-scaled.jpg\" data-fancybox=\"wpcp_view\">\n\t\t<figure>\n\t\t\t<img loading=\"lazy\" decoding=\"async\" class=\"skip-lazy\" src=\"https:\/\/ptta.at\/wp-content\/uploads\/2024\/10\/IMG_7909-scaled.jpg\" title=\"Die Medaillengewinner im Mixed Doppel\" alt=\"Die Medaillengewinner im Mixed Doppel\" width=\"2560\" height=\"1331\">\t\t<\/figure>\n\t<\/a>\n\t\t<\/div>\n<\/div>\n\t<div class=\"swiper-slide\">\n\t<div class=\"wpcp-single-item\">\n\t\t\t<a class=\"wcp-light-box\" data-buttons='[\"close\"]' data-wpc_url='https:\/\/ptta.at\/wp-content\/uploads\/2024\/10\/IMG_6754-scaled.jpg' href=\"https:\/\/ptta.at\/wp-content\/uploads\/2024\/10\/IMG_6754-scaled.jpg\" data-fancybox=\"wpcp_view\">\n\t\t<figure>\n\t\t\t<img loading=\"lazy\" decoding=\"async\" class=\"skip-lazy\" src=\"https:\/\/ptta.at\/wp-content\/uploads\/2024\/10\/IMG_6754-scaled.jpg\" title=\"Die Medaillengewinnerinnen im Damen Doppel\" alt=\"Die Medaillengewinnerinnen im Damen Doppel\" width=\"2560\" height=\"1717\">\t\t<\/figure>\n\t<\/a>\n\t\t<\/div>\n<\/div>\n\t<div class=\"swiper-slide\">\n\t<div class=\"wpcp-single-item\">\n\t\t\t<a class=\"wcp-light-box\" data-buttons='[\"close\"]' data-wpc_url='https:\/\/ptta.at\/wp-content\/uploads\/2024\/10\/IMG_6806-scaled.jpg' href=\"https:\/\/ptta.at\/wp-content\/uploads\/2024\/10\/IMG_6806-scaled.jpg\" data-fancybox=\"wpcp_view\">\n\t\t<figure>\n\t\t\t<img loading=\"lazy\" decoding=\"async\" class=\"skip-lazy\" src=\"https:\/\/ptta.at\/wp-content\/uploads\/2024\/10\/IMG_6806-scaled.jpg\" title=\"Die Medaillengewinner im Herren Doppel\" alt=\"Die Medaillengewinner im Herren Doppel\" width=\"2560\" height=\"1363\">\t\t<\/figure>\n\t<\/a>\n\t\t<\/div>\n<\/div>\n\t<div class=\"swiper-slide\">\n\t<div class=\"wpcp-single-item\">\n\t\t\t<a class=\"wcp-light-box\" data-buttons='[\"close\"]' data-wpc_url='https:\/\/ptta.at\/wp-content\/uploads\/2024\/10\/IMG_7920-scaled.jpg' href=\"https:\/\/ptta.at\/wp-content\/uploads\/2024\/10\/IMG_7920-scaled.jpg\" data-fancybox=\"wpcp_view\">\n\t\t<figure>\n\t\t\t<img loading=\"lazy\" decoding=\"async\" class=\"skip-lazy\" src=\"https:\/\/ptta.at\/wp-content\/uploads\/2024\/10\/IMG_7920-scaled.jpg\" title=\"Damen Einzel Klasse 3 Sonntag\" alt=\"Damen Einzel Klasse 3 Sonntag\" width=\"2560\" height=\"1595\">\t\t<\/figure>\n\t<\/a>\n\t\t<\/div>\n<\/div>\n\t<div class=\"swiper-slide\">\n\t<div class=\"wpcp-single-item\">\n\t\t\t<a class=\"wcp-light-box\" data-buttons='[\"close\"]' data-wpc_url='https:\/\/ptta.at\/wp-content\/uploads\/2024\/10\/IMG_7935-scaled.jpg' href=\"https:\/\/ptta.at\/wp-content\/uploads\/2024\/10\/IMG_7935-scaled.jpg\" data-fancybox=\"wpcp_view\">\n\t\t<figure>\n\t\t\t<img loading=\"lazy\" decoding=\"async\" class=\"skip-lazy\" src=\"https:\/\/ptta.at\/wp-content\/uploads\/2024\/10\/IMG_7935-scaled.jpg\" title=\"Herren Einzel Klasse 3 Sonntag\" alt=\"Herren Einzel Klasse 3 Sonntag\" width=\"2560\" height=\"1920\">\t\t<\/figure>\n\t<\/a>\n\t\t<\/div>\n<\/div>\n\t<div class=\"swiper-slide\">\n\t<div class=\"wpcp-single-item\">\n\t\t\t<a class=\"wcp-light-box\" data-buttons='[\"close\"]' data-wpc_url='https:\/\/ptta.at\/wp-content\/uploads\/2024\/10\/IMG_7949-scaled.jpg' href=\"https:\/\/ptta.at\/wp-content\/uploads\/2024\/10\/IMG_7949-scaled.jpg\" data-fancybox=\"wpcp_view\">\n\t\t<figure>\n\t\t\t<img loading=\"lazy\" decoding=\"async\" class=\"skip-lazy\" src=\"https:\/\/ptta.at\/wp-content\/uploads\/2024\/10\/IMG_7949-scaled.jpg\" title=\"Damen Einzel Klasse 2 Sonntag\" alt=\"Damen Einzel Klasse 2 Sonntag\" width=\"2560\" height=\"1920\">\t\t<\/figure>\n\t<\/a>\n\t\t<\/div>\n<\/div>\n\t<div class=\"swiper-slide\">\n\t<div class=\"wpcp-single-item\">\n\t\t\t<a class=\"wcp-light-box\" data-buttons='[\"close\"]' data-wpc_url='https:\/\/ptta.at\/wp-content\/uploads\/2024\/10\/IMG_7960-scaled.jpg' href=\"https:\/\/ptta.at\/wp-content\/uploads\/2024\/10\/IMG_7960-scaled.jpg\" data-fancybox=\"wpcp_view\">\n\t\t<figure>\n\t\t\t<img loading=\"lazy\" decoding=\"async\" class=\"skip-lazy\" src=\"https:\/\/ptta.at\/wp-content\/uploads\/2024\/10\/IMG_7960-scaled.jpg\" title=\"Herren Einzel Klasse 2 Sonntag\" alt=\"Herren Einzel Klasse 2 Sonntag\" width=\"2560\" height=\"1920\">\t\t<\/figure>\n\t<\/a>\n\t\t<\/div>\n<\/div>\n\t<div class=\"swiper-slide\">\n\t<div class=\"wpcp-single-item\">\n\t\t\t<a class=\"wcp-light-box\" data-buttons='[\"close\"]' data-wpc_url='https:\/\/ptta.at\/wp-content\/uploads\/2024\/10\/IMG_7975-scaled.jpg' href=\"https:\/\/ptta.at\/wp-content\/uploads\/2024\/10\/IMG_7975-scaled.jpg\" data-fancybox=\"wpcp_view\">\n\t\t<figure>\n\t\t\t<img loading=\"lazy\" decoding=\"async\" class=\"skip-lazy\" src=\"https:\/\/ptta.at\/wp-content\/uploads\/2024\/10\/IMG_7975-scaled.jpg\" title=\"Damen Einzel Klasse 1 Sonntag\" alt=\"Damen Einzel Klasse 1 Sonntag\" width=\"2560\" height=\"1920\">\t\t<\/figure>\n\t<\/a>\n\t\t<\/div>\n<\/div>\n\t<div class=\"swiper-slide\">\n\t<div class=\"wpcp-single-item\">\n\t\t\t<a class=\"wcp-light-box\" data-buttons='[\"close\"]' data-wpc_url='https:\/\/ptta.at\/wp-content\/uploads\/2024\/10\/IMG_7986-scaled.jpg' href=\"https:\/\/ptta.at\/wp-content\/uploads\/2024\/10\/IMG_7986-scaled.jpg\" data-fancybox=\"wpcp_view\">\n\t\t<figure>\n\t\t\t<img loading=\"lazy\" decoding=\"async\" class=\"skip-lazy\" src=\"https:\/\/ptta.at\/wp-content\/uploads\/2024\/10\/IMG_7986-scaled.jpg\" title=\"Herren Einzel Klasse 1 Sonntag\" alt=\"Herren Einzel Klasse 1 Sonntag\" width=\"2560\" height=\"1920\">\t\t<\/figure>\n\t<\/a>\n\t\t<\/div>\n<\/div>\n\t<div class=\"swiper-slide\">\n\t<div class=\"wpcp-single-item\">\n\t\t\t<a class=\"wcp-light-box\" data-buttons='[\"close\"]' data-wpc_url='https:\/\/ptta.at\/wp-content\/uploads\/2024\/10\/alle-Medaillen-Samstag-scaled.jpg' href=\"https:\/\/ptta.at\/wp-content\/uploads\/2024\/10\/alle-Medaillen-Samstag-scaled.jpg\" data-fancybox=\"wpcp_view\">\n\t\t<figure>\n\t\t\t<img loading=\"lazy\" decoding=\"async\" class=\"skip-lazy\" src=\"https:\/\/ptta.at\/wp-content\/uploads\/2024\/10\/alle-Medaillen-Samstag-scaled.jpg\" title=\"alle MedaillengewinnerInnen der Bewerbe von  Samstag\" alt=\"alle MedaillengewinnerInnen der Bewerbe von  Samstag\" width=\"2560\" height=\"1172\">\t\t<\/figure>\n\t<\/a>\n\t\t<\/div>\n<\/div>\n\t\t\t<\/div>\n\t\t\t\t\t<div class=\"wpcp-swiper-dots swiper-pagination\"><\/div>\n\t\t\t\t<!-- If we need navigation buttons -->\n\t\t\t\t\t<div class=\"wpcp-prev-button swiper-button-prev\"><i class=\"fa fa-angle-left\"><\/i><\/div>\n\t\t\t<div class=\"wpcp-next-button swiper-button-next\"><i class=\"fa fa-angle-right\"><\/i><\/div>\n\t\t\t<\/div>\n\t<\/div>\n<\/div>\n<\/div><\/div>\n","protected":false},"excerpt":{"rendered":"<p>Am 28. und 29. September fanden im BSFZ Faaker See die 1. \u00d6sterreichischen Meisterschaften im Parkinson-Tischtennis statt. 30 StarterInnen aus 7 Bundesl\u00e4ndern spielten um die ersten \u00d6sterreichischen Meistertitel im Parkinson Tischtennis. Danke an den \u00d6TTV und dern K\u00e4rntner TTV, die uns diese Veranstaltung erm\u00f6glicht haben. Wir gratulieren den 1. \u00d6sterreichischen Meistern im Einzel, Agnes Jan [&hellip;]<\/p>\n","protected":false},"author":4,"featured_media":0,"parent":0,"menu_order":0,"comment_status":"closed","ping_status":"closed","template":"","meta":{"footnotes":""},"class_list":["post-471","page","type-page","status-publish","hentry"],"_links":{"self":[{"href":"https:\/\/ptta.at\/index.php?rest_route=\/wp\/v2\/pages\/471","targetHints":{"allow":["GET"]}}],"collection":[{"href":"https:\/\/ptta.at\/index.php?rest_route=\/wp\/v2\/pages"}],"about":[{"href":"https:\/\/ptta.at\/index.php?rest_route=\/wp\/v2\/types\/page"}],"author":[{"embeddable":true,"href":"https:\/\/ptta.at\/index.php?rest_route=\/wp\/v2\/users\/4"}],"replies":[{"embeddable":true,"href":"https:\/\/ptta.at\/index.php?rest_route=%2Fwp%2Fv2%2Fcomments&post=471"}],"version-history":[{"count":9,"href":"https:\/\/ptta.at\/index.php?rest_route=\/wp\/v2\/pages\/471\/revisions"}],"predecessor-version":[{"id":1671,"href":"https:\/\/ptta.at\/index.php?rest_route=\/wp\/v2\/pages\/471\/revisions\/1671"}],"wp:attachment":[{"href":"https:\/\/ptta.at\/index.php?rest_route=%2Fwp%2Fv2%2Fmedia&parent=471"}],"curies":[{"name":"wp","href":"https:\/\/api.w.org\/{rel}","templated":true}]}}