{"id":2674,"date":"2026-05-03T18:27:57","date_gmt":"2026-05-03T16:27:57","guid":{"rendered":"https:\/\/ptta.at\/?page_id=2674"},"modified":"2026-05-10T12:54:14","modified_gmt":"2026-05-10T10:54:14","slug":"geburtstags-cup-wien","status":"publish","type":"page","link":"https:\/\/ptta.at\/?page_id=2674","title":{"rendered":"Geburtstags-Cup Wien powered by STADA"},"content":{"rendered":"\n<p>Die Parkinson Tischtennisgruppe beim Post SV Floridsdorf feierte ihren <strong>2. Geburtstag <\/strong>am 2. Mai 2026. Zu diesem Anlass wurde ein Turnier im Schweizer System veranstaltet. 5 Damen und 19 Herren traten im Einzel an, die Damen spielten dann mit Verst\u00e4rkung noch in 4 Doppeln um die Ehre.<\/p>\n\n\n\n<p>Danke an den Veranstalter, Post SV Wien, unter der Leitung von Thomas Swoboda wurde ein tolles Turnier veranstaltet, und die famili\u00e4re Atmosph\u00e4re wurde durch hervorragende Torten und Kuchen vers\u00fc\u00dft &#8211; nicht nur von einem Mitglied &#8211; ein Patissier &#8211; sondern auch durch Geschenke (Linzer Torte vom Standort Ottensheim) &#8211; Vielen Dank nochmal daf\u00fcr. <\/p>\n\n\n\n<p class=\"has-base-2-color has-contrast-background-color has-text-color has-background has-link-color has-medium-font-size wp-elements-f5c2c480473617c4e3e6fac7aab6bdce\"><a href=\"https:\/\/onelife.at\/postsv-media\/20260502\/\" target=\"_blank\" rel=\"noreferrer noopener\"><strong>Link zu den Fotos des POST SV , danke an Fotograf Wolfgang Rabel<\/strong><\/a><\/p>\n\n\n\n<p><\/p>\n\n\n\n<div class=\"wp-block-media-text is-stacked-on-mobile\"><figure class=\"wp-block-media-text__media\"><a href=\"https:\/\/ptta.at\/wp-content\/uploads\/2026\/05\/Ergebnisliste-Geburtstagscup2026.jpg\" target=\"_blank\" rel=\" noreferrer noopener\"><img loading=\"lazy\" decoding=\"async\" width=\"1024\" height=\"959\" src=\"https:\/\/ptta.at\/wp-content\/uploads\/2026\/05\/Ergebnisliste-Geburtstagscup2026-1024x959.jpg\" alt=\"\" class=\"wp-image-2678 size-full\" srcset=\"https:\/\/ptta.at\/wp-content\/uploads\/2026\/05\/Ergebnisliste-Geburtstagscup2026-1024x959.jpg 1024w, https:\/\/ptta.at\/wp-content\/uploads\/2026\/05\/Ergebnisliste-Geburtstagscup2026-300x281.jpg 300w, https:\/\/ptta.at\/wp-content\/uploads\/2026\/05\/Ergebnisliste-Geburtstagscup2026-768x719.jpg 768w, https:\/\/ptta.at\/wp-content\/uploads\/2026\/05\/Ergebnisliste-Geburtstagscup2026-1536x1439.jpg 1536w, https:\/\/ptta.at\/wp-content\/uploads\/2026\/05\/Ergebnisliste-Geburtstagscup2026-2048x1918.jpg 2048w\" sizes=\"auto, (max-width: 1024px) 100vw, 1024px\" \/><\/a><\/figure><div class=\"wp-block-media-text__content\">\n<figure class=\"wp-block-image size-large\"><a href=\"https:\/\/ptta.at\/wp-content\/uploads\/2026\/05\/IMG-20260503-WA0000.jpg\" target=\"_blank\" rel=\" noreferrer noopener\"><img loading=\"lazy\" decoding=\"async\" width=\"1024\" height=\"1024\" src=\"https:\/\/ptta.at\/wp-content\/uploads\/2026\/05\/IMG-20260503-WA0000-1024x1024.jpg\" alt=\"\" class=\"wp-image-2688\" srcset=\"https:\/\/ptta.at\/wp-content\/uploads\/2026\/05\/IMG-20260503-WA0000-1024x1024.jpg 1024w, https:\/\/ptta.at\/wp-content\/uploads\/2026\/05\/IMG-20260503-WA0000-300x300.jpg 300w, https:\/\/ptta.at\/wp-content\/uploads\/2026\/05\/IMG-20260503-WA0000-150x150.jpg 150w, https:\/\/ptta.at\/wp-content\/uploads\/2026\/05\/IMG-20260503-WA0000-768x768.jpg 768w, https:\/\/ptta.at\/wp-content\/uploads\/2026\/05\/IMG-20260503-WA0000.jpg 1254w\" sizes=\"auto, (max-width: 1024px) 100vw, 1024px\" \/><\/a><\/figure>\n\n\n\n<p><\/p>\n<\/div><\/div>\n\n\n\n<div class=\"wp-block-file\"><a id=\"wp-block-file--media-7ae1e51c-db52-43c1-958b-5d3837df6389\" href=\"https:\/\/ptta.at\/wp-content\/uploads\/2026\/05\/Damen_Einzelergebnisse_Parkinsonturnier_02052026.pdf\">Damen_Einzelergebnisse_Parkinsonturnier_02052026<\/a><\/div>\n\n\n\n<div class=\"wp-block-file\"><a id=\"wp-block-file--media-687960dc-e833-4490-83ac-448e886cc6d6\" href=\"https:\/\/ptta.at\/wp-content\/uploads\/2026\/05\/Herren_Einzelergebnisse_Parkinsonturnier_02052026.pdf\">Herren_Einzelergebnisse_Parkinsonturnier_02052026<\/a><\/div>\n\n\n\n<div class=\"wp-block-file\"><a id=\"wp-block-file--media-b5677db0-da7b-472d-819b-b8ddade50733\" href=\"https:\/\/ptta.at\/wp-content\/uploads\/2026\/05\/Damen_Doppel_Parkinsonturnier_02052026.pdf\">Damen_Doppel_Parkinsonturnier_02052026<\/a><\/div>\n\n\n\n<div class=\"wp-block-file\"><a id=\"wp-block-file--media-e23d2f6c-63a2-42f3-b26d-4bbd7fd5f982\" href=\"https:\/\/ptta.at\/wp-content\/uploads\/2026\/05\/Herren_Endstand_Parkinsonturnier_02052026.pdf\">Herren_Endstand_Parkinsonturnier_02052026<\/a><\/div>\n\n\n\n<p><\/p>\n\n\n\n<p><\/p>\n","protected":false},"excerpt":{"rendered":"<p>Die Parkinson Tischtennisgruppe beim Post SV Floridsdorf feierte ihren 2. Geburtstag am 2. Mai 2026. Zu diesem Anlass wurde ein Turnier im Schweizer System veranstaltet. 5 Damen und 19 Herren traten im Einzel an, die Damen spielten dann mit Verst\u00e4rkung noch in 4 Doppeln um die Ehre. Danke an den Veranstalter, Post SV Wien, unter [&hellip;]<\/p>\n","protected":false},"author":4,"featured_media":0,"parent":0,"menu_order":0,"comment_status":"closed","ping_status":"closed","template":"","meta":{"footnotes":""},"class_list":["post-2674","page","type-page","status-publish","hentry"],"_links":{"self":[{"href":"https:\/\/ptta.at\/index.php?rest_route=\/wp\/v2\/pages\/2674","targetHints":{"allow":["GET"]}}],"collection":[{"href":"https:\/\/ptta.at\/index.php?rest_route=\/wp\/v2\/pages"}],"about":[{"href":"https:\/\/ptta.at\/index.php?rest_route=\/wp\/v2\/types\/page"}],"author":[{"embeddable":true,"href":"https:\/\/ptta.at\/index.php?rest_route=\/wp\/v2\/users\/4"}],"replies":[{"embeddable":true,"href":"https:\/\/ptta.at\/index.php?rest_route=%2Fwp%2Fv2%2Fcomments&post=2674"}],"version-history":[{"count":8,"href":"https:\/\/ptta.at\/index.php?rest_route=\/wp\/v2\/pages\/2674\/revisions"}],"predecessor-version":[{"id":2697,"href":"https:\/\/ptta.at\/index.php?rest_route=\/wp\/v2\/pages\/2674\/revisions\/2697"}],"wp:attachment":[{"href":"https:\/\/ptta.at\/index.php?rest_route=%2Fwp%2Fv2%2Fmedia&parent=2674"}],"curies":[{"name":"wp","href":"https:\/\/api.w.org\/{rel}","templated":true}]}}