{"id":222,"date":"2024-09-14T17:34:41","date_gmt":"2024-09-14T15:34:41","guid":{"rendered":"https:\/\/demo.ptta.at\/?page_id=222"},"modified":"2024-09-14T17:34:41","modified_gmt":"2024-09-14T15:34:41","slug":"impressum","status":"publish","type":"page","link":"https:\/\/ptta.at\/?page_id=222","title":{"rendered":"Impressum"},"content":{"rendered":"\n<p><em>Verantwortlich f\u00fcr den Inhalt:<\/em><\/p>\n\n\n\n<p>Verein Parkinson Table Tennis Austria<\/p>\n\n\n\n<p>ZVR-Nr. 1320838290<\/p>\n\n\n\n<p>Hermine Hofner\/Irmgard Plank\/Karin Sommerhuber<\/p>\n\n\n\n<p>Perwarth 71<\/p>\n\n\n\n<p>A \u2013 3263 Randegg, \u00d6sterreich<\/p>\n\n\n\n<p>info(at)ptta.at<\/p>\n\n\n\n<p><em>Nutzungsbedingungen<\/em><\/p>\n\n\n\n<p>Die Inhalte dieser Web-Site sind frei nutzbar und dienen ausschlie\u00dflich der Information. Es kommen durch die Nutzung der Auswahlm\u00f6glichkeiten der Web-Site keinerlei Rechtsgesch\u00e4fte zwischen der Eigent\u00fcmerin und den Nutzern zu Stande. Die weitere Vorgangsweise zwischen Anbietern und Nutzern und der m\u00f6gliche sp\u00e4tere Abschluss von Auftr\u00e4gen (Beitrittsantrag) zwischen Anbietern und Nutzern liegen im ausschlie\u00dflichen Ermessen der Nutzer.<\/p>\n\n\n\n<p><em>Copyright \/ Haftungsausschluss<\/em><\/p>\n\n\n\n<p>Im Hinblick auf die technischen Eigenschaften des Internet kann keine Gew\u00e4hr f\u00fcr die Authentizit\u00e4t, Richtigkeit und Vollst\u00e4ndigkeit der im Internet zur Verf\u00fcgung gestellten Informationen \u00fcbernommen werden. Es wird auch keine Gew\u00e4hr f\u00fcr die Verf\u00fcgbarkeit oder den Betrieb der gegenst\u00e4ndlichen Homepage und ihrer Inhalte \u00fcbernommen. Jede Haftung f\u00fcr unmittelbare, mittelbare oder sonstige Sch\u00e4den, unabh\u00e4ngig von deren Ursachen, die aus der Benutzung oder Nichtverf\u00fcgbarkeit der Daten und Informationen dieser Homepage erwachsen, wird, soweit rechtlich zul\u00e4ssig, ausgeschlossen. Der Inhalt dieser Homepage ist urheberrechtlich gesch\u00fctzt. Die Informationen sind nur f\u00fcr die pers\u00f6nliche Verwendung bestimmt. Jede weitergehende Nutzung insbesondere die Speicherung in Datenbanken, Vervielf\u00e4ltigung und jede Form von gewerblicher Nutzung sowie die Weitergabe an Dritte \u2013 auch in Teilen oder in \u00fcberarbeiteter Form \u2013 ohne Zustimmung des Website-Inhabers ist untersagt. Hyperlinks auf dieses Weblog sind willkommen. Jede Einbindung einzelner Seiten unseres Angebotes in fremde Frames ist zu unterlassen, ebenso das zur Verf\u00fcgung stellen unseres RSS-Feeds auf fremden Seiten.<\/p>\n\n\n\n<p><em>Haftung f\u00fcr Links<\/em><\/p>\n\n\n\n<p>Dieses Weblog enth\u00e4lt Links zu externen Webseiten Dritter, auf deren Inhalte wir keinen Einfluss haben. Deshalb k\u00f6nnen wir f\u00fcr diese fremden Inhalte auch keine Gew\u00e4hr \u00fcbernehmen. F\u00fcr die Inhalte der verlinkten Seiten ist stets der jeweilige Anbieter oder Betreiber der Seiten verantwortlich. Die verlinkten Seiten wurden zum Zeitpunkt der Verlinkung auf m\u00f6gliche Rechtsverst\u00f6\u00dfe \u00fcberpr\u00fcft. Rechtswidrige Inhalte waren zum Zeitpunkt der Verlinkung nicht erkennbar. Eine permanente inhaltliche Kontrolle der verlinkten Seiten ist jedoch ohne konkrete Anhaltspunkte einer Rechtsverletzung nicht zumutbar. Bei bekannt werden von Rechtsverletzungen werden wir derartige Links umgehend entfernen.<\/p>\n\n\n\n<p><em>Google Analytics<\/em><\/p>\n\n\n\n<p>Diese Website benutzt Google Analytics, einen Webanalysedienst der Google Inc. (\u201cGoogle\u201d) Google Analytics verwendet sog. \u201cCookies\u201d, Textdateien, die auf Ihrem Computer gespeichert werden und die eine Analyse der Benutzung der Website durch Sie erm\u00f6glicht. Die durch den Cookie erzeugten Informationen \u00fcber Ihre Benutzung diese Website (einschlie\u00dflich Ihrer IP-Adresse) wird an einen Server von Google in den USA \u00fcbertragen und dort gespeichert. Google wird diese Informationen benutzen, um Ihre Nutzung der Website auszuwerten, um Reports \u00fcber die Websiteaktivit\u00e4ten f\u00fcr die Websitebetreiber zusammenzustellen und um weitere mit der Websitenutzung und der Internetnutzung verbundene Dienstleistungen zu erbringen. Auch wird Google diese Informationen gegebenenfalls an Dritte \u00fcbertragen, sofern dies gesetzlich vorgeschrieben oder soweit Dritte diese Daten im Auftrag von Google verarbeiten. Google wird in keinem Fall Ihre IP-Adresse mit anderen Daten der Google in Verbindung bringen. Sie k\u00f6nnen die Installation der Cookies durch eine entsprechende Einstellung Ihrer Browser Software verhindern; wir weisen Sie jedoch darauf hin, dass Sie in diesem Fall gegebenenfalls nicht s\u00e4mtliche Funktionen dieser Website voll umf\u00e4nglich nutzen k\u00f6nnen. Durch die Nutzung dieser Website erkl\u00e4ren Sie sich mit der Bearbeitung der \u00fcber Sie erhobenen Daten durch Google in der zuvor beschriebenen Art und Weise und zu dem zuvor benannten Zweck einverstanden. Sie k\u00f6nnen der Erhebung der Daten durch Google-Analytics mit Wirkung f\u00fcr die Zukunft widersprechen, indem sie ein Deaktivierungs-Add-on (&nbsp;<a href=\"http:\/\/tools.google.com\/dlpage\/gaoptout?hl=de\" target=\"_blank\" rel=\"noreferrer noopener\">http:\/\/tools.google.com\/dlpage\/gaoptout?hl=de<\/a>&nbsp;) f\u00fcr Ihren Browser installieren.<\/p>\n\n\n\n<p><em>Online Streitbeilegung<\/em><\/p>\n\n\n\n<p>Seit dem 9.1.2016 gilt die EU-Verordnung \u00fcber Online-Streitbeilegung in Verbraucherangelegenheiten (Nr.&nbsp;<a href=\"http:\/\/eur-lex.europa.eu\/LexUriServ\/LexUriServ.do?uri=OJ:L:2013:165:0001:0012:DE:PDF\" target=\"_blank\" rel=\"noreferrer noopener\">524<\/a>\/2013). Streitigkeiten zwischen Verbrauchern und H\u00e4ndlern im Zusammenhang von Online-Kaufvertr\u00e4gen oder Online-Dienstleistungsvertr\u00e4gen k\u00f6nnen \u00fcber folgende Online-Plattform beigelegt werden.&nbsp;<a href=\"http:\/\/ec.europa.eu\/consumers\/odr\" target=\"_blank\" rel=\"noreferrer noopener\">http:\/\/ec.europa.eu\/consumers\/odr<\/a><\/p>\n\n\n\n<p>Diese Webseite ist leider f\u00fcr Personen mit k\u00f6rperlichen Einschr\u00e4nkungen wie zum Beispiel Sehen, H\u00f6ren oder Motorik nicht vollst\u00e4ndig funktionsf\u00e4hig. Ich entschuldige diesen Umstand und bin gerne bereit hier \u00fcber andere Kan\u00e4le meine Dienstleistungen zu erl\u00e4utern. Gerne verweise ich an dieser Stelle auf die&nbsp;<a href=\"https:\/\/www.sozialministeriumservice.at\/site\/Behindertengleichstellung\/Schlichtung\" target=\"_blank\" rel=\"noreferrer noopener\">Schlichtungsstelle f\u00fcr Behindertengleichstellung<\/a>&nbsp;des Sozialministeriums der Republik \u00d6sterreich.<\/p>\n\n\n\n<h2 class=\"wp-block-heading\">&#8212;<\/h2>\n\n\n\n<p><strong>Fotocredits<\/strong><\/p>\n\n\n\n<p>Alle Fotos, soferne nicht anders angegeben: Parkinson Table Tennis Austria, Hermine Hofner, Engelbert Hofner, Irmgard Plank, Karin Sommerhuber, Kurt Bayer, Werner Maurer<\/p>\n","protected":false},"excerpt":{"rendered":"<p>Verantwortlich f\u00fcr den Inhalt: Verein Parkinson Table Tennis Austria ZVR-Nr. 1320838290 Hermine Hofner\/Irmgard Plank\/Karin Sommerhuber Perwarth 71 A \u2013 3263 Randegg, \u00d6sterreich info(at)ptta.at Nutzungsbedingungen Die Inhalte dieser Web-Site sind frei nutzbar und dienen ausschlie\u00dflich der Information. Es kommen durch die Nutzung der Auswahlm\u00f6glichkeiten der Web-Site keinerlei Rechtsgesch\u00e4fte zwischen der Eigent\u00fcmerin und den Nutzern zu Stande. [&hellip;]<\/p>\n","protected":false},"author":4,"featured_media":0,"parent":0,"menu_order":0,"comment_status":"closed","ping_status":"closed","template":"","meta":{"footnotes":""},"class_list":["post-222","page","type-page","status-publish","hentry"],"_links":{"self":[{"href":"https:\/\/ptta.at\/index.php?rest_route=\/wp\/v2\/pages\/222","targetHints":{"allow":["GET"]}}],"collection":[{"href":"https:\/\/ptta.at\/index.php?rest_route=\/wp\/v2\/pages"}],"about":[{"href":"https:\/\/ptta.at\/index.php?rest_route=\/wp\/v2\/types\/page"}],"author":[{"embeddable":true,"href":"https:\/\/ptta.at\/index.php?rest_route=\/wp\/v2\/users\/4"}],"replies":[{"embeddable":true,"href":"https:\/\/ptta.at\/index.php?rest_route=%2Fwp%2Fv2%2Fcomments&post=222"}],"version-history":[{"count":1,"href":"https:\/\/ptta.at\/index.php?rest_route=\/wp\/v2\/pages\/222\/revisions"}],"predecessor-version":[{"id":224,"href":"https:\/\/ptta.at\/index.php?rest_route=\/wp\/v2\/pages\/222\/revisions\/224"}],"wp:attachment":[{"href":"https:\/\/ptta.at\/index.php?rest_route=%2Fwp%2Fv2%2Fmedia&parent=222"}],"curies":[{"name":"wp","href":"https:\/\/api.w.org\/{rel}","templated":true}]}}