{"id":1995,"date":"2025-11-01T14:05:08","date_gmt":"2025-11-01T13:05:08","guid":{"rendered":"https:\/\/ptta.at\/?page_id=1995"},"modified":"2026-01-25T10:18:13","modified_gmt":"2026-01-25T09:18:13","slug":"6-pingpongparkinson-wm-in-lignano","status":"publish","type":"page","link":"https:\/\/ptta.at\/?page_id=1995","title":{"rendered":"6. PingPongParkinson-WM in Lignano"},"content":{"rendered":"\n<p>Von 20. bis 26. Okt. 2025 fand die 6. PPP-WM statt.<\/p>\n\n\n\n<p>PTTA war mit 12 TeilnehmerInnen vor Ort, und kehrte mit 2 Goldmedaillen im Damen-Doppel zur\u00fcck.<\/p>\n\n\n\n<figure class=\"wp-block-gallery has-nested-images columns-default is-cropped wp-block-gallery-1 is-layout-flex wp-block-gallery-is-layout-flex\">\n<figure class=\"wp-block-image size-large\"><a href=\"https:\/\/ptta.at\/wp-content\/uploads\/2025\/11\/IMG-20251020-WA0023.jpg\" target=\"_blank\" rel=\" noreferrer noopener\"><img loading=\"lazy\" decoding=\"async\" width=\"768\" height=\"1024\" data-id=\"2001\" src=\"https:\/\/ptta.at\/wp-content\/uploads\/2025\/11\/IMG-20251020-WA0023-768x1024.jpg\" alt=\"\" class=\"wp-image-2001\" srcset=\"https:\/\/ptta.at\/wp-content\/uploads\/2025\/11\/IMG-20251020-WA0023-768x1024.jpg 768w, https:\/\/ptta.at\/wp-content\/uploads\/2025\/11\/IMG-20251020-WA0023-225x300.jpg 225w, https:\/\/ptta.at\/wp-content\/uploads\/2025\/11\/IMG-20251020-WA0023-1152x1536.jpg 1152w, https:\/\/ptta.at\/wp-content\/uploads\/2025\/11\/IMG-20251020-WA0023.jpg 1200w\" sizes=\"auto, (max-width: 768px) 100vw, 768px\" \/><\/a><figcaption class=\"wp-element-caption\">Fahnentr\u00e4ger Hans-Peter Stangl aus der Steiermark<\/figcaption><\/figure>\n\n\n\n<figure class=\"wp-block-image size-large\"><a href=\"https:\/\/ptta.at\/wp-content\/uploads\/2025\/11\/IMG-20251027-WA0032.jpg\" target=\"_blank\" rel=\" noreferrer noopener\"><img loading=\"lazy\" decoding=\"async\" width=\"725\" height=\"1024\" data-id=\"2004\" src=\"https:\/\/ptta.at\/wp-content\/uploads\/2025\/11\/IMG-20251027-WA0032-725x1024.jpg\" alt=\"\" class=\"wp-image-2004\" srcset=\"https:\/\/ptta.at\/wp-content\/uploads\/2025\/11\/IMG-20251027-WA0032-725x1024.jpg 725w, https:\/\/ptta.at\/wp-content\/uploads\/2025\/11\/IMG-20251027-WA0032-212x300.jpg 212w, https:\/\/ptta.at\/wp-content\/uploads\/2025\/11\/IMG-20251027-WA0032-768x1085.jpg 768w, https:\/\/ptta.at\/wp-content\/uploads\/2025\/11\/IMG-20251027-WA0032-1088x1536.jpg 1088w, https:\/\/ptta.at\/wp-content\/uploads\/2025\/11\/IMG-20251027-WA0032.jpg 1450w\" sizes=\"auto, (max-width: 725px) 100vw, 725px\" \/><\/a><\/figure>\n\n\n\n<figure class=\"wp-block-image size-large\"><a href=\"https:\/\/ptta.at\/wp-content\/uploads\/2025\/11\/IMG-20251026-WA0029-1.jpg\" target=\"_blank\" rel=\" noreferrer noopener\"><img loading=\"lazy\" decoding=\"async\" width=\"846\" height=\"1024\" data-id=\"2003\" src=\"https:\/\/ptta.at\/wp-content\/uploads\/2025\/11\/IMG-20251026-WA0029-1-846x1024.jpg\" alt=\"\" class=\"wp-image-2003\" srcset=\"https:\/\/ptta.at\/wp-content\/uploads\/2025\/11\/IMG-20251026-WA0029-1-846x1024.jpg 846w, https:\/\/ptta.at\/wp-content\/uploads\/2025\/11\/IMG-20251026-WA0029-1-248x300.jpg 248w, https:\/\/ptta.at\/wp-content\/uploads\/2025\/11\/IMG-20251026-WA0029-1-768x930.jpg 768w, https:\/\/ptta.at\/wp-content\/uploads\/2025\/11\/IMG-20251026-WA0029-1-1269x1536.jpg 1269w, https:\/\/ptta.at\/wp-content\/uploads\/2025\/11\/IMG-20251026-WA0029-1.jpg 1692w\" sizes=\"auto, (max-width: 846px) 100vw, 846px\" \/><\/a><figcaption class=\"wp-element-caption\">Die 3 Ottensheimer Teilnehmer<\/figcaption><\/figure>\n<\/figure>\n\n\n\n<figure class=\"wp-block-gallery has-nested-images columns-default is-cropped wp-block-gallery-2 is-layout-flex wp-block-gallery-is-layout-flex\">\n<figure class=\"wp-block-image size-large\"><a href=\"https:\/\/ptta.at\/wp-content\/uploads\/2025\/11\/IMG-20251025-WA0000-1.jpg\" target=\"_blank\" rel=\" noreferrer noopener\"><img loading=\"lazy\" decoding=\"async\" width=\"1024\" height=\"745\" data-id=\"2000\" src=\"https:\/\/ptta.at\/wp-content\/uploads\/2025\/11\/IMG-20251025-WA0000-1-1024x745.jpg\" alt=\"\" class=\"wp-image-2000\" srcset=\"https:\/\/ptta.at\/wp-content\/uploads\/2025\/11\/IMG-20251025-WA0000-1-1024x745.jpg 1024w, https:\/\/ptta.at\/wp-content\/uploads\/2025\/11\/IMG-20251025-WA0000-1-300x218.jpg 300w, https:\/\/ptta.at\/wp-content\/uploads\/2025\/11\/IMG-20251025-WA0000-1-768x559.jpg 768w, https:\/\/ptta.at\/wp-content\/uploads\/2025\/11\/IMG-20251025-WA0000-1.jpg 1504w\" sizes=\"auto, (max-width: 1024px) 100vw, 1024px\" \/><\/a><figcaption class=\"wp-element-caption\">Das weitere Team von PTTA (nicht am Bild: P. Matthiessen)<\/figcaption><\/figure>\n<\/figure>\n\n\n\n<p>Gro\u00dfer Erfolg des Teams von Parkinson Table Tennis Austria (PTTA)).&nbsp; Von 20. bis 26. Oktober fanden in Lignano, Italien, die 6. PingPongParkinson-Weltmeisterschaften statt. Es spielten 326 Teilnehmer\/Innen aus 26 L\u00e4ndern in 3 Klassen um die begehrten Medaillen. Aus \u00d6sterreich nahmen 12 SpielerInnen daran teil. Dabei gab es 2 Goldene im Hauptbewerb, im Damendoppel der Klassen 1 (Agnes Jan) und 2 (Hermine Hofner), jeweils mit einer deutschen Spielpartnerin. Agnes Jan aus K\u00e4rnten, \u00d6TTV-Behinderten-Sportlerin des Jahres mit Auftritt in der Sporthilfegala des ORF, verteidigte ihre Goldmedaille im Damen-Doppel Klasse 1, und holte auch noch Gold im Consolation Bewerb Damen Einzel Klasse 1. Die 2. Goldene im Damen-Doppel-Hauptbewerb erreichte die Randeggerin Hermine Hofner von der Parkinson-Tischtennis Trainingsgruppe St. Georgen am Ybbsfelde, Bezirk Amstetten, mit einer deutschen Partnerin in Klasse 2. Weiters erreichte Hermine Hofner mit dem geb\u00fcrtigen Randegger Martin Fuchsluger, ebenfalls Trainingsgruppe St. Georgen am Ybbsfelde, Bronze im Mixed Doppel&nbsp;Consolation Bewerb. Beide trainieren auch regelm\u00e4\u00dfig in Randegg. Danke an die beiden Trainingsstandorte.&nbsp;<\/p>\n\n\n\n<p>Hermine k\u00e4mpfte sich nach vergebenen Chancen im Einzel und Mixed Doppel, wo sie unter anderem mit vielen Eigenfehlern im Service haderte, zur\u00fcck in den Bewerb, und konnte schlussendlich \u00fcber ihre 1. Goldmedaille bei einer PPP-WM jubeln. Es war ihre 5. Teilnahme in diesem Format. Herzlichen Gl\u00fcckwunsch an dieser Stelle auch im Namen des Vorstands von PTTA, liebe Obfrau Hermine, dein Durchhalteverm\u00f6gen, Trainingseifer und Freude am Spiel und Umgang bei den Treffen mit den KollegInnen aus der Parkinson-Tischtennis-Szene ist ein Vorbild f\u00fcr uns alle!<\/p>\n\n\n\n<figure class=\"wp-block-gallery has-nested-images columns-default is-cropped wp-block-gallery-3 is-layout-flex wp-block-gallery-is-layout-flex\">\n<figure class=\"wp-block-image size-large\"><a href=\"https:\/\/ptta.at\/wp-content\/uploads\/2025\/11\/FB_IMG_1761679730922-1-1024x1024.jpg\" target=\"_blank\" rel=\" noreferrer noopener\"><img loading=\"lazy\" decoding=\"async\" width=\"1024\" height=\"1024\" data-id=\"2009\" src=\"https:\/\/ptta.at\/wp-content\/uploads\/2025\/11\/FB_IMG_1761679730922-1-1024x1024.jpg\" alt=\"Foto links: Agnes Jan und Melanie Jeska, Mitte: Hermine Hofner und Sandra M\u00fcller, rechts: Elisabeth Halbherr und Bill Bayer.\n\" class=\"wp-image-2009\" srcset=\"https:\/\/ptta.at\/wp-content\/uploads\/2025\/11\/FB_IMG_1761679730922-1-1024x1024.jpg 1024w, https:\/\/ptta.at\/wp-content\/uploads\/2025\/11\/FB_IMG_1761679730922-1-300x300.jpg 300w, https:\/\/ptta.at\/wp-content\/uploads\/2025\/11\/FB_IMG_1761679730922-1-150x150.jpg 150w, https:\/\/ptta.at\/wp-content\/uploads\/2025\/11\/FB_IMG_1761679730922-1-768x768.jpg 768w, https:\/\/ptta.at\/wp-content\/uploads\/2025\/11\/FB_IMG_1761679730922-1.jpg 1440w\" sizes=\"auto, (max-width: 1024px) 100vw, 1024px\" \/><\/a><figcaption class=\"wp-element-caption\">Agnes Jan und Melanie Jeska<\/figcaption><\/figure>\n\n\n\n<figure class=\"wp-block-image size-large\"><a href=\"https:\/\/ptta.at\/wp-content\/uploads\/2025\/11\/FOto-Hermi-Sandra.jpg\" target=\"_blank\" rel=\" noreferrer noopener\"><img loading=\"lazy\" decoding=\"async\" width=\"1024\" height=\"683\" data-id=\"2046\" src=\"https:\/\/ptta.at\/wp-content\/uploads\/2025\/11\/FOto-Hermi-Sandra-1024x683.jpg\" alt=\"\" class=\"wp-image-2046\" srcset=\"https:\/\/ptta.at\/wp-content\/uploads\/2025\/11\/FOto-Hermi-Sandra-1024x683.jpg 1024w, https:\/\/ptta.at\/wp-content\/uploads\/2025\/11\/FOto-Hermi-Sandra-300x200.jpg 300w, https:\/\/ptta.at\/wp-content\/uploads\/2025\/11\/FOto-Hermi-Sandra-768x512.jpg 768w, https:\/\/ptta.at\/wp-content\/uploads\/2025\/11\/FOto-Hermi-Sandra-1536x1024.jpg 1536w, https:\/\/ptta.at\/wp-content\/uploads\/2025\/11\/FOto-Hermi-Sandra.jpg 2048w\" sizes=\"auto, (max-width: 1024px) 100vw, 1024px\" \/><\/a><figcaption class=\"wp-element-caption\">Hermine Hofner und Sandra M\u00fcller<\/figcaption><\/figure>\n\n\n\n<figure class=\"wp-block-image size-large\"><a href=\"https:\/\/ptta.at\/wp-content\/uploads\/2025\/11\/IMG-20251027-WA0033-1.jpg\" target=\"_blank\" rel=\" noreferrer noopener\"><img loading=\"lazy\" decoding=\"async\" width=\"768\" height=\"1024\" data-id=\"2010\" src=\"https:\/\/ptta.at\/wp-content\/uploads\/2025\/11\/IMG-20251027-WA0033-1-768x1024.jpg\" alt=\"\" class=\"wp-image-2010\" srcset=\"https:\/\/ptta.at\/wp-content\/uploads\/2025\/11\/IMG-20251027-WA0033-1-768x1024.jpg 768w, https:\/\/ptta.at\/wp-content\/uploads\/2025\/11\/IMG-20251027-WA0033-1-225x300.jpg 225w, https:\/\/ptta.at\/wp-content\/uploads\/2025\/11\/IMG-20251027-WA0033-1-1152x1536.jpg 1152w, https:\/\/ptta.at\/wp-content\/uploads\/2025\/11\/IMG-20251027-WA0033-1.jpg 1200w\" sizes=\"auto, (max-width: 768px) 100vw, 768px\" \/><\/a><figcaption class=\"wp-element-caption\">Elisabeth Halbherr und Bill Bayer<\/figcaption><\/figure>\n<\/figure>\n\n\n\n<p>Es gab viele spannende Spiele, in denen noch weitere 6 Medaillen in den Trostrunden (Consolation Bewerb) erreicht werden konnten.&nbsp;So gewannen Kurt &#8222;Bill&#8220; Bayer von der Ottensheimer Trainingsgruppe und Elisabeth Halbherr aus der Trainingsgruppe um Agnes Jan im K\u00e4rnten beim TTC Gurnitz ebenfalls Gold im Mixed Doppel Klasse 3, Lucia Liz-Toth von der Wiener Trainingsgruppe beim Post SV Wien gewann Gold im Damen Einzel Klasse 3, Armin Walter von der Trainingsgruppe beim Tischtennisverein 1947 Wiener Neudorf gewann Bronze im Herren Doppel Klasse 2 mit seinem deutschen Spielpartner, und Peter Matthiessen, ebenfalls beim Post SV Wien trainierend, gewann Bronze im Herren Einzel Klasse 2.<\/p>\n\n\n\n<p>Mit jeder Medaille und jedem Bericht wird das Motto von PTTA &#8222;Gemeinsam mit Tischtennis gegen Parkinson\u201c immer bekannter und somit hoffentlich bald viele weitere betroffenen Menschen in \u00d6sterreich erreichen, um sie zum Tischtennis-Spielen in der Gemeinschaft zu motivieren.&nbsp;<\/p>\n\n\n\n<figure class=\"wp-block-gallery has-nested-images columns-default is-cropped wp-block-gallery-4 is-layout-flex wp-block-gallery-is-layout-flex\">\n<figure class=\"wp-block-image size-large\"><a href=\"https:\/\/ptta.at\/wp-content\/uploads\/2025\/11\/FB_IMG_1761505595766-1024x1024.jpg\" target=\"_blank\" rel=\" noreferrer noopener\"><img loading=\"lazy\" decoding=\"async\" width=\"1024\" height=\"1024\" data-id=\"2013\" src=\"https:\/\/ptta.at\/wp-content\/uploads\/2025\/11\/FB_IMG_1761505595766-1024x1024.jpg\" alt=\"\" class=\"wp-image-2013\" srcset=\"https:\/\/ptta.at\/wp-content\/uploads\/2025\/11\/FB_IMG_1761505595766-1024x1024.jpg 1024w, https:\/\/ptta.at\/wp-content\/uploads\/2025\/11\/FB_IMG_1761505595766-300x300.jpg 300w, https:\/\/ptta.at\/wp-content\/uploads\/2025\/11\/FB_IMG_1761505595766-150x150.jpg 150w, https:\/\/ptta.at\/wp-content\/uploads\/2025\/11\/FB_IMG_1761505595766-768x768.jpg 768w, https:\/\/ptta.at\/wp-content\/uploads\/2025\/11\/FB_IMG_1761505595766.jpg 1440w\" sizes=\"auto, (max-width: 1024px) 100vw, 1024px\" \/><\/a><\/figure>\n\n\n\n<figure class=\"wp-block-image size-large\"><a href=\"https:\/\/ptta.at\/wp-content\/uploads\/2025\/11\/IMG-20251027-WA0034.jpg\" target=\"_blank\" rel=\" noreferrer noopener\"><img loading=\"lazy\" decoding=\"async\" width=\"1024\" height=\"763\" data-id=\"2014\" src=\"https:\/\/ptta.at\/wp-content\/uploads\/2025\/11\/IMG-20251027-WA0034-1024x763.jpg\" alt=\"\" class=\"wp-image-2014\" srcset=\"https:\/\/ptta.at\/wp-content\/uploads\/2025\/11\/IMG-20251027-WA0034-1024x763.jpg 1024w, https:\/\/ptta.at\/wp-content\/uploads\/2025\/11\/IMG-20251027-WA0034-300x223.jpg 300w, https:\/\/ptta.at\/wp-content\/uploads\/2025\/11\/IMG-20251027-WA0034-768x572.jpg 768w, https:\/\/ptta.at\/wp-content\/uploads\/2025\/11\/IMG-20251027-WA0034-1536x1144.jpg 1536w, https:\/\/ptta.at\/wp-content\/uploads\/2025\/11\/IMG-20251027-WA0034.jpg 1637w\" sizes=\"auto, (max-width: 1024px) 100vw, 1024px\" \/><\/a><\/figure>\n\n\n\n<figure class=\"wp-block-image size-large\"><a href=\"https:\/\/ptta.at\/wp-content\/uploads\/2025\/11\/FB_IMG_1761130624745.jpg\" target=\"_blank\" rel=\" noreferrer noopener\"><img loading=\"lazy\" decoding=\"async\" width=\"1024\" height=\"683\" data-id=\"2012\" src=\"https:\/\/ptta.at\/wp-content\/uploads\/2025\/11\/FB_IMG_1761130624745-1024x683.jpg\" alt=\"\" class=\"wp-image-2012\" srcset=\"https:\/\/ptta.at\/wp-content\/uploads\/2025\/11\/FB_IMG_1761130624745-1024x683.jpg 1024w, https:\/\/ptta.at\/wp-content\/uploads\/2025\/11\/FB_IMG_1761130624745-300x200.jpg 300w, https:\/\/ptta.at\/wp-content\/uploads\/2025\/11\/FB_IMG_1761130624745-768x512.jpg 768w, https:\/\/ptta.at\/wp-content\/uploads\/2025\/11\/FB_IMG_1761130624745-1536x1025.jpg 1536w, https:\/\/ptta.at\/wp-content\/uploads\/2025\/11\/FB_IMG_1761130624745.jpg 2048w\" sizes=\"auto, (max-width: 1024px) 100vw, 1024px\" \/><\/a><\/figure>\n<\/figure>\n\n\n\n<p>Agnes Jan und Elisabeth Halbherr wurden in der Woche nach der WM gleich zur Sportlerehrung des Landes K\u00e4rnten geladen, und Hermine Hofner und Martin Fuchsluger wurde vom B\u00fcrgermeister und Vorstand des TTU St. Georgen beim Training \u00fcberrascht und geehrt.<\/p>\n\n\n\n<figure class=\"wp-block-gallery has-nested-images columns-default is-cropped wp-block-gallery-5 is-layout-flex wp-block-gallery-is-layout-flex\">\n<figure class=\"wp-block-image size-large\"><a href=\"https:\/\/ptta.at\/wp-content\/uploads\/2025\/11\/IMG-20251030-WA0021.jpg\" target=\"_blank\" rel=\" noreferrer noopener\"><img loading=\"lazy\" decoding=\"async\" width=\"768\" height=\"1024\" data-id=\"2035\" src=\"https:\/\/ptta.at\/wp-content\/uploads\/2025\/11\/IMG-20251030-WA0021-768x1024.jpg\" alt=\"\" class=\"wp-image-2035\" srcset=\"https:\/\/ptta.at\/wp-content\/uploads\/2025\/11\/IMG-20251030-WA0021-768x1024.jpg 768w, https:\/\/ptta.at\/wp-content\/uploads\/2025\/11\/IMG-20251030-WA0021-225x300.jpg 225w, https:\/\/ptta.at\/wp-content\/uploads\/2025\/11\/IMG-20251030-WA0021-1152x1536.jpg 1152w, https:\/\/ptta.at\/wp-content\/uploads\/2025\/11\/IMG-20251030-WA0021.jpg 1530w\" sizes=\"auto, (max-width: 768px) 100vw, 768px\" \/><\/a><figcaption class=\"wp-element-caption\">Hermine Hofner vor der Trainingshalle<\/figcaption><\/figure>\n\n\n\n<figure class=\"wp-block-image size-large\"><a href=\"https:\/\/ptta.at\/wp-content\/uploads\/2025\/11\/IMG-20251031-WA0002.jpg\" target=\"_blank\" rel=\" noreferrer noopener\"><img loading=\"lazy\" decoding=\"async\" width=\"769\" height=\"1024\" data-id=\"2024\" src=\"https:\/\/ptta.at\/wp-content\/uploads\/2025\/11\/IMG-20251031-WA0002-769x1024.jpg\" alt=\"\" class=\"wp-image-2024\" srcset=\"https:\/\/ptta.at\/wp-content\/uploads\/2025\/11\/IMG-20251031-WA0002-769x1024.jpg 769w, https:\/\/ptta.at\/wp-content\/uploads\/2025\/11\/IMG-20251031-WA0002-225x300.jpg 225w, https:\/\/ptta.at\/wp-content\/uploads\/2025\/11\/IMG-20251031-WA0002-768x1023.jpg 768w, https:\/\/ptta.at\/wp-content\/uploads\/2025\/11\/IMG-20251031-WA0002-1153x1536.jpg 1153w, https:\/\/ptta.at\/wp-content\/uploads\/2025\/11\/IMG-20251031-WA0002.jpg 1201w\" sizes=\"auto, (max-width: 769px) 100vw, 769px\" \/><\/a><figcaption class=\"wp-element-caption\">Martin Fuchsluger, Hermine Hofner, Bgm. Christoph Haselsteiner<\/figcaption><\/figure>\n\n\n\n<figure class=\"wp-block-image size-large\"><a href=\"https:\/\/ptta.at\/wp-content\/uploads\/2025\/11\/IMG-20251031-WA0004.jpg\" target=\"_blank\" rel=\" noreferrer noopener\"><img loading=\"lazy\" decoding=\"async\" width=\"1024\" height=\"768\" data-id=\"2027\" src=\"https:\/\/ptta.at\/wp-content\/uploads\/2025\/11\/IMG-20251031-WA0004-1024x768.jpg\" alt=\"\" class=\"wp-image-2027\" srcset=\"https:\/\/ptta.at\/wp-content\/uploads\/2025\/11\/IMG-20251031-WA0004-1024x768.jpg 1024w, https:\/\/ptta.at\/wp-content\/uploads\/2025\/11\/IMG-20251031-WA0004-300x225.jpg 300w, https:\/\/ptta.at\/wp-content\/uploads\/2025\/11\/IMG-20251031-WA0004-768x576.jpg 768w, https:\/\/ptta.at\/wp-content\/uploads\/2025\/11\/IMG-20251031-WA0004-1536x1152.jpg 1536w, https:\/\/ptta.at\/wp-content\/uploads\/2025\/11\/IMG-20251031-WA0004.jpg 2040w\" sizes=\"auto, (max-width: 1024px) 100vw, 1024px\" \/><\/a><figcaption class=\"wp-element-caption\">Hermine, Martin, und weitere Mitglieder von St. Georgen<\/figcaption><\/figure>\n<\/figure>\n\n\n\n<figure class=\"wp-block-image size-large\"><a href=\"https:\/\/ptta.at\/wp-content\/uploads\/2025\/11\/IMG-20251030-WA0000.jpg\" target=\"_blank\" rel=\" noreferrer noopener\"><img loading=\"lazy\" decoding=\"async\" width=\"1024\" height=\"771\" src=\"https:\/\/ptta.at\/wp-content\/uploads\/2025\/11\/IMG-20251030-WA0000-1024x771.jpg\" alt=\"\" class=\"wp-image-2025\" srcset=\"https:\/\/ptta.at\/wp-content\/uploads\/2025\/11\/IMG-20251030-WA0000-1024x771.jpg 1024w, https:\/\/ptta.at\/wp-content\/uploads\/2025\/11\/IMG-20251030-WA0000-300x226.jpg 300w, https:\/\/ptta.at\/wp-content\/uploads\/2025\/11\/IMG-20251030-WA0000-768x578.jpg 768w, https:\/\/ptta.at\/wp-content\/uploads\/2025\/11\/IMG-20251030-WA0000-1536x1156.jpg 1536w, https:\/\/ptta.at\/wp-content\/uploads\/2025\/11\/IMG-20251030-WA0000.jpg 1600w\" sizes=\"auto, (max-width: 1024px) 100vw, 1024px\" \/><\/a><\/figure>\n\n\n\n<p>(Fotos: E. Hofner, PingPongParkinson International &#8211; Sanjin Strukic Pixsell Photo &amp; Video Agency, Land K\u00e4rnten, TTU St. Georgen, I. Plank)<\/p>\n\n\n\n<p><\/p>\n","protected":false},"excerpt":{"rendered":"<p>Von 20. bis 26. Okt. 2025 fand die 6. PPP-WM statt. PTTA war mit 12 TeilnehmerInnen vor Ort, und kehrte mit 2 Goldmedaillen im Damen-Doppel zur\u00fcck. Gro\u00dfer Erfolg des Teams von Parkinson Table Tennis Austria (PTTA)).&nbsp; Von 20. bis 26. Oktober fanden in Lignano, Italien, die 6. PingPongParkinson-Weltmeisterschaften statt. Es spielten 326 Teilnehmer\/Innen aus 26 [&hellip;]<\/p>\n","protected":false},"author":4,"featured_media":0,"parent":0,"menu_order":0,"comment_status":"closed","ping_status":"closed","template":"","meta":{"footnotes":""},"class_list":["post-1995","page","type-page","status-publish","hentry"],"_links":{"self":[{"href":"https:\/\/ptta.at\/index.php?rest_route=\/wp\/v2\/pages\/1995","targetHints":{"allow":["GET"]}}],"collection":[{"href":"https:\/\/ptta.at\/index.php?rest_route=\/wp\/v2\/pages"}],"about":[{"href":"https:\/\/ptta.at\/index.php?rest_route=\/wp\/v2\/types\/page"}],"author":[{"embeddable":true,"href":"https:\/\/ptta.at\/index.php?rest_route=\/wp\/v2\/users\/4"}],"replies":[{"embeddable":true,"href":"https:\/\/ptta.at\/index.php?rest_route=%2Fwp%2Fv2%2Fcomments&post=1995"}],"version-history":[{"count":23,"href":"https:\/\/ptta.at\/index.php?rest_route=\/wp\/v2\/pages\/1995\/revisions"}],"predecessor-version":[{"id":2336,"href":"https:\/\/ptta.at\/index.php?rest_route=\/wp\/v2\/pages\/1995\/revisions\/2336"}],"wp:attachment":[{"href":"https:\/\/ptta.at\/index.php?rest_route=%2Fwp%2Fv2%2Fmedia&parent=1995"}],"curies":[{"name":"wp","href":"https:\/\/api.w.org\/{rel}","templated":true}]}}