{"id":198,"date":"2024-09-14T14:12:46","date_gmt":"2024-09-14T12:12:46","guid":{"rendered":"https:\/\/demo.ptta.at\/?page_id=198"},"modified":"2026-05-03T18:21:37","modified_gmt":"2026-05-03T16:21:37","slug":"termine","status":"publish","type":"page","link":"https:\/\/ptta.at\/?page_id=198","title":{"rendered":"Termine"},"content":{"rendered":"\n<div class=\"wp-block-group alignwide has-global-padding is-layout-constrained wp-container-core-group-is-layout-bdbfdc43 wp-block-group-is-layout-constrained\">\n<p class=\"has-medium-font-size\"><strong>Hier finden Sie Infos zu Veranstaltungen, an denen wir zumeist beteiligt sind, wie z.B. anl\u00e4sslich des Welt-Parkinson-Tags am 11. April, sowie eine Auflistung von Parkinson-Tischtennis-Turnieren.&nbsp;<\/strong><\/p>\n\n\n\n<p>Aber auch auf Veranstaltungen von befreundeten Selbsthilfeverb\u00e4nden oder dem \u00d6TTV m\u00f6chten wir Sie hier aufmerksam machen. Vielleicht ist ja das eine oder andere Interessante f\u00fcr Sie dabei!<\/p>\n\n\n\n<p>Wo vorhanden, gibt es Links zu den veranstaltenden Organisationen (entweder beim Bild hinterlegt oder daneben extra verlinkt), bzw. bei von uns selbst veranstalteten Turnieren zur Turnierausschreibung, oder das Programm in der Welt-Parkinson-Woche zum Download.<br><br>Anmeldungen und Anfragen zu unseren eigenen Turnieren sind wenn nicht anders angegeben an die Emailadresse nennung(at)ptta.at zu richten!<\/p>\n\n\n\n<h2 class=\"wp-block-heading has-contrast-3-color has-text-color has-link-color has-large-font-size wp-elements-97c0e08ab985659999f5049cccab6354\">.<\/h2>\n\n\n\n<div class=\"wp-block-media-text is-stacked-on-mobile\"><figure class=\"wp-block-media-text__media\"><img loading=\"lazy\" decoding=\"async\" width=\"724\" height=\"1024\" src=\"https:\/\/ptta.at\/wp-content\/uploads\/2026\/04\/Ausschreibung_OEM-Parkinson_Klagenfurt_2026_S1-724x1024.jpg\" alt=\"\" class=\"wp-image-2420 size-full\" srcset=\"https:\/\/ptta.at\/wp-content\/uploads\/2026\/04\/Ausschreibung_OEM-Parkinson_Klagenfurt_2026_S1-724x1024.jpg 724w, https:\/\/ptta.at\/wp-content\/uploads\/2026\/04\/Ausschreibung_OEM-Parkinson_Klagenfurt_2026_S1-212x300.jpg 212w, https:\/\/ptta.at\/wp-content\/uploads\/2026\/04\/Ausschreibung_OEM-Parkinson_Klagenfurt_2026_S1-768x1086.jpg 768w, https:\/\/ptta.at\/wp-content\/uploads\/2026\/04\/Ausschreibung_OEM-Parkinson_Klagenfurt_2026_S1-1086x1536.jpg 1086w, https:\/\/ptta.at\/wp-content\/uploads\/2026\/04\/Ausschreibung_OEM-Parkinson_Klagenfurt_2026_S1-1448x2048.jpg 1448w, https:\/\/ptta.at\/wp-content\/uploads\/2026\/04\/Ausschreibung_OEM-Parkinson_Klagenfurt_2026_S1-scaled.jpg 1810w\" sizes=\"auto, (max-width: 724px) 100vw, 724px\" \/><\/figure><div class=\"wp-block-media-text__content\">\n<div class=\"wp-block-group is-nowrap is-layout-flex wp-container-core-group-is-layout-6c531013 wp-block-group-is-layout-flex\">\n<p class=\"has-gradient-2-gradient-background has-background\"><strong>30.+31. Mai 2026: 3. \u00d6sterreichische Meisterschaften im Parkinson Tischtennis<\/strong> in Klagenfurt &#8211; <a href=\"https:\/\/ptta.at\/wp-content\/uploads\/2026\/04\/Ausschreibung_OEM-Parkinson_Klagenfurt_2026_mit-NL.pdf\" target=\"_blank\" rel=\"noreferrer noopener\">Ausschreibung mit PTTA-Nennliste hier zum Downloaden<\/a><\/p>\n<\/div>\n<\/div><\/div>\n\n\n\n<div class=\"wp-block-media-text is-stacked-on-mobile\"><figure class=\"wp-block-media-text__media\"><a href=\"https:\/\/ptta.at\/wp-content\/uploads\/2026\/02\/Parkinson_Infotage2026StPeterAu.pdf\" target=\"_blank\" rel=\" noreferrer noopener\"><img loading=\"lazy\" decoding=\"async\" width=\"697\" height=\"1024\" src=\"https:\/\/ptta.at\/wp-content\/uploads\/2025\/11\/Plakat-Seite-1_2026-697x1024.png\" alt=\"\" class=\"wp-image-2070 size-full\" srcset=\"https:\/\/ptta.at\/wp-content\/uploads\/2025\/11\/Plakat-Seite-1_2026-697x1024.png 697w, https:\/\/ptta.at\/wp-content\/uploads\/2025\/11\/Plakat-Seite-1_2026-204x300.png 204w, https:\/\/ptta.at\/wp-content\/uploads\/2025\/11\/Plakat-Seite-1_2026-768x1128.png 768w, https:\/\/ptta.at\/wp-content\/uploads\/2025\/11\/Plakat-Seite-1_2026-1046x1536.png 1046w, https:\/\/ptta.at\/wp-content\/uploads\/2025\/11\/Plakat-Seite-1_2026-1394x2048.png 1394w, https:\/\/ptta.at\/wp-content\/uploads\/2025\/11\/Plakat-Seite-1_2026.png 1559w\" sizes=\"auto, (max-width: 697px) 100vw, 697px\" \/><\/a><\/figure><div class=\"wp-block-media-text__content\">\n<p><strong>12.6.+13.6.26<\/strong>: 10. N\u00d6 Parkinson Infotage in St. Peter\/Au. Interessante Vortr\u00e4ge von \u00c4rzten und Physio-Therapeuten erwarten euch, Freitag 12.6. nachmittags und Samstag 13.6. vormittags. Anmeldung n\u00f6tig.<\/p>\n\n\n\n<p><a href=\"https:\/\/ptta.at\/wp-content\/uploads\/2026\/02\/Parkinson_Infotage2026StPeterAu.pdf\" target=\"_blank\" rel=\"noreferrer noopener\">Programm hier zum Download<\/a><\/p>\n<\/div><\/div>\n\n\n\n<div class=\"wp-block-media-text is-stacked-on-mobile\"><figure class=\"wp-block-media-text__media\"><img loading=\"lazy\" decoding=\"async\" width=\"724\" height=\"1024\" src=\"https:\/\/ptta.at\/wp-content\/uploads\/2026\/03\/Plakat-VM-WrN-724x1024.jpg\" alt=\"\" class=\"wp-image-2416 size-full\" srcset=\"https:\/\/ptta.at\/wp-content\/uploads\/2026\/03\/Plakat-VM-WrN-724x1024.jpg 724w, https:\/\/ptta.at\/wp-content\/uploads\/2026\/03\/Plakat-VM-WrN-212x300.jpg 212w, https:\/\/ptta.at\/wp-content\/uploads\/2026\/03\/Plakat-VM-WrN-768x1086.jpg 768w, https:\/\/ptta.at\/wp-content\/uploads\/2026\/03\/Plakat-VM-WrN-1086x1536.jpg 1086w, https:\/\/ptta.at\/wp-content\/uploads\/2026\/03\/Plakat-VM-WrN.jpg 1200w\" sizes=\"auto, (max-width: 724px) 100vw, 724px\" \/><\/figure><div class=\"wp-block-media-text__content\">\n<p class=\"has-gradient-2-gradient-background has-background has-medium-font-size\" style=\"font-style:normal;font-weight:700\">27.+28. Juni 2026 2. PTTA-Vereinsmeister-schaft mit Mitglieder-versammlung in beim TTV Wiener Neudorf 1947<\/p>\n\n\n\n<p class=\"has-medium-font-size\" style=\"font-style:normal;font-weight:700\"><a href=\"https:\/\/ptta.at\/wp-content\/uploads\/2026\/03\/Ausschreibung-Vereinsmeisterschaft-2026_mit-NennlisteHP_L.pdf\" target=\"_blank\" rel=\"noreferrer noopener\">Ausschreibung mit Nennliste hier<\/a><\/p>\n<\/div><\/div>\n\n\n\n<div class=\"wp-block-media-text is-stacked-on-mobile\"><figure class=\"wp-block-media-text__media\"><img loading=\"lazy\" decoding=\"async\" width=\"605\" height=\"326\" src=\"https:\/\/ptta.at\/wp-content\/uploads\/2025\/11\/church-mountain.png\" alt=\"\" class=\"wp-image-2066 size-full\" srcset=\"https:\/\/ptta.at\/wp-content\/uploads\/2025\/11\/church-mountain.png 605w, https:\/\/ptta.at\/wp-content\/uploads\/2025\/11\/church-mountain-300x162.png 300w\" sizes=\"auto, (max-width: 605px) 100vw, 605px\" \/><\/figure><div class=\"wp-block-media-text__content\">\n<p><strong>27.+28.06.2026<\/strong> Church Mountain Open &#8211; Diesmal eigene Damenserie, Anmeldung schon offen!!<\/p>\n\n\n\n<p><a href=\"https:\/\/church-mountain-open.ch\/turnieranmeldung\/\" target=\"_blank\" rel=\"noreferrer noopener\">Turnieranmeldung \u2013 Church Mountain Open<\/a><\/p>\n<\/div><\/div>\n\n\n\n<div class=\"wp-block-media-text is-stacked-on-mobile\"><figure class=\"wp-block-media-text__media\"><a href=\"https:\/\/ptta.at\/wp-content\/uploads\/2025\/12\/Scottish-Open-2026-scaled.jpg\" target=\"_blank\" rel=\" noreferrer noopener\"><img loading=\"lazy\" decoding=\"async\" width=\"727\" height=\"1024\" src=\"https:\/\/ptta.at\/wp-content\/uploads\/2025\/12\/Scottish-Open-2026-727x1024.jpg\" alt=\"\" class=\"wp-image-2238 size-full\" srcset=\"https:\/\/ptta.at\/wp-content\/uploads\/2025\/12\/Scottish-Open-2026-727x1024.jpg 727w, https:\/\/ptta.at\/wp-content\/uploads\/2025\/12\/Scottish-Open-2026-213x300.jpg 213w, https:\/\/ptta.at\/wp-content\/uploads\/2025\/12\/Scottish-Open-2026-768x1081.jpg 768w, https:\/\/ptta.at\/wp-content\/uploads\/2025\/12\/Scottish-Open-2026-1091x1536.jpg 1091w, https:\/\/ptta.at\/wp-content\/uploads\/2025\/12\/Scottish-Open-2026-1455x2048.jpg 1455w, https:\/\/ptta.at\/wp-content\/uploads\/2025\/12\/Scottish-Open-2026-scaled.jpg 1819w\" sizes=\"auto, (max-width: 727px) 100vw, 727px\" \/><\/a><\/figure><div class=\"wp-block-media-text__content\">\n<p>Entgegen ersten Berichten, wonach die Scottish Open erst wieder 2027 stattfinden sollen, wurde uns nun diese Vorank\u00fcndigung \u00fcbermittelt. <\/p>\n\n\n\n<p>Daher:<\/p>\n\n\n\n<p><strong>15.+16. August 2026<\/strong> gibt es wieder die Scottish Open!<\/p>\n\n\n\n<p>Anmeldung \/ Ausschreibung ab 21.04.2026 online &#8211; Link auf <a href=\"https:\/\/www.facebook.com\/profile.php?id=61560387234106\">Facebook<\/a>!<\/p>\n<\/div><\/div>\n\n\n\n<div class=\"wp-block-media-text is-stacked-on-mobile\"><figure class=\"wp-block-media-text__media\"><img loading=\"lazy\" decoding=\"async\" width=\"724\" height=\"1024\" src=\"https:\/\/ptta.at\/wp-content\/uploads\/2026\/05\/ppp-france-724x1024.jpg\" alt=\"\" class=\"wp-image-2672 size-full\" srcset=\"https:\/\/ptta.at\/wp-content\/uploads\/2026\/05\/ppp-france-724x1024.jpg 724w, https:\/\/ptta.at\/wp-content\/uploads\/2026\/05\/ppp-france-212x300.jpg 212w, https:\/\/ptta.at\/wp-content\/uploads\/2026\/05\/ppp-france-768x1086.jpg 768w, https:\/\/ptta.at\/wp-content\/uploads\/2026\/05\/ppp-france-1086x1536.jpg 1086w, https:\/\/ptta.at\/wp-content\/uploads\/2026\/05\/ppp-france.jpg 1414w\" sizes=\"auto, (max-width: 724px) 100vw, 724px\" \/><\/figure><div class=\"wp-block-media-text__content\">\n<p><strong>12.+13.09.26<\/strong> <\/p>\n\n\n\n<p>2. PPP French Open, Registrierung ist offen!<\/p>\n\n\n\n<p><a href=\"https:\/\/pingpongparkinsonfrance.fr\/\">https:\/\/pingpongparkinsonfrance.fr\/<\/a><\/p>\n<\/div><\/div>\n\n\n\n<div class=\"wp-block-media-text is-stacked-on-mobile\"><figure class=\"wp-block-media-text__media\"><img loading=\"lazy\" decoding=\"async\" width=\"641\" height=\"917\" src=\"https:\/\/ptta.at\/wp-content\/uploads\/2025\/12\/FB_IMG_1764701965626.jpg\" alt=\"\" class=\"wp-image-2134 size-full\" srcset=\"https:\/\/ptta.at\/wp-content\/uploads\/2025\/12\/FB_IMG_1764701965626.jpg 641w, https:\/\/ptta.at\/wp-content\/uploads\/2025\/12\/FB_IMG_1764701965626-210x300.jpg 210w\" sizes=\"auto, (max-width: 641px) 100vw, 641px\" \/><\/figure><div class=\"wp-block-media-text__content\">\n<p class=\"has-gradient-4-gradient-background has-background\"><strong>7. PPP WM<\/strong> von <strong>26.-30. Sept. 2026<\/strong> in Hannover, PPP D &#8211; daf\u00fcr gibt es 2026 leider keine German Open!<\/p>\n\n\n\n<p><strong>weitere Pl\u00e4tze freigeschaltet &#8211; rasch registrieren! <\/strong> <a href=\"https:\/\/www.ttm.co.at\/pppwc2026\/shop\/shops\/wizard\/people\" target=\"_blank\" rel=\"noreferrer noopener\">PPPWC2026 Hanover Online Registration Shops<\/a><\/p>\n\n\n\n<p><strong>Ausschreibung hier<\/strong> <a href=\"https:\/\/pppwc.org\/tournament\/prospectus-2\" target=\"_blank\" rel=\"noreferrer noopener\">Prospectus \u2013 PingPongParkinson World Championship<\/a><\/p>\n\n\n\n<p>Weitere Details auf <a href=\"http:\/\/www.pppwc.org\" target=\"_blank\" rel=\"noreferrer noopener\">www.pppwc.org<\/a> bzw. <a href=\"https:\/\/www.pingpongparkinson.de\/ppp-turniere\" target=\"_blank\" rel=\"noreferrer noopener\">PPP-Turniere \u2013 PingPongParkinson Deutschland e. V.<\/a><\/p>\n<\/div><\/div>\n<\/div>\n\n\n\n<div class=\"wp-block-media-text is-stacked-on-mobile\"><figure class=\"wp-block-media-text__media\"><img loading=\"lazy\" decoding=\"async\" width=\"363\" height=\"363\" src=\"https:\/\/ptta.at\/wp-content\/uploads\/2025\/12\/ittf-p-tt-wm.png\" alt=\"\" class=\"wp-image-2242 size-full\" srcset=\"https:\/\/ptta.at\/wp-content\/uploads\/2025\/12\/ittf-p-tt-wm.png 363w, https:\/\/ptta.at\/wp-content\/uploads\/2025\/12\/ittf-p-tt-wm-300x300.png 300w, https:\/\/ptta.at\/wp-content\/uploads\/2025\/12\/ittf-p-tt-wm-150x150.png 150w\" sizes=\"auto, (max-width: 363px) 100vw, 363px\" \/><\/figure><div class=\"wp-block-media-text__content\">\n<p>N\u00e4chste ITTF Parkinson Tischtennis WM im Rahmen des World Table Tennis for Health Festivals: im Oktober 2026 in: <strong>SHANGHAI <\/strong>(China) &#8211; hier k\u00f6nnen sich Interessenten bereits vormerken lassen:<\/p>\n\n\n\n<p><a href=\"https:\/\/www.ittffoundation.org\/news\/details\/fill-in-your-interest-for-the-2026-world-table-tennis-for-health-festival-in-shanghai-china\" target=\"_blank\" rel=\"noreferrer noopener\">Fill in Your Interest for the 2026 World Table Tennis for Health Festival in Shanghai, China! &#8211; ITTF Foundation<\/a><\/p>\n<\/div><\/div>\n\n\n\n<p><\/p>\n","protected":false},"excerpt":{"rendered":"<p>Hier finden Sie Infos zu Veranstaltungen, an denen wir zumeist beteiligt sind, wie z.B. anl\u00e4sslich des Welt-Parkinson-Tags am 11. April, sowie eine Auflistung von Parkinson-Tischtennis-Turnieren.&nbsp; Aber auch auf Veranstaltungen von befreundeten Selbsthilfeverb\u00e4nden oder dem \u00d6TTV m\u00f6chten wir Sie hier aufmerksam machen. Vielleicht ist ja das eine oder andere Interessante f\u00fcr Sie dabei! Wo vorhanden, gibt [&hellip;]<\/p>\n","protected":false},"author":4,"featured_media":0,"parent":0,"menu_order":0,"comment_status":"closed","ping_status":"closed","template":"","meta":{"footnotes":""},"class_list":["post-198","page","type-page","status-publish","hentry"],"_links":{"self":[{"href":"https:\/\/ptta.at\/index.php?rest_route=\/wp\/v2\/pages\/198","targetHints":{"allow":["GET"]}}],"collection":[{"href":"https:\/\/ptta.at\/index.php?rest_route=\/wp\/v2\/pages"}],"about":[{"href":"https:\/\/ptta.at\/index.php?rest_route=\/wp\/v2\/types\/page"}],"author":[{"embeddable":true,"href":"https:\/\/ptta.at\/index.php?rest_route=\/wp\/v2\/users\/4"}],"replies":[{"embeddable":true,"href":"https:\/\/ptta.at\/index.php?rest_route=%2Fwp%2Fv2%2Fcomments&post=198"}],"version-history":[{"count":171,"href":"https:\/\/ptta.at\/index.php?rest_route=\/wp\/v2\/pages\/198\/revisions"}],"predecessor-version":[{"id":2673,"href":"https:\/\/ptta.at\/index.php?rest_route=\/wp\/v2\/pages\/198\/revisions\/2673"}],"wp:attachment":[{"href":"https:\/\/ptta.at\/index.php?rest_route=%2Fwp%2Fv2%2Fmedia&parent=198"}],"curies":[{"name":"wp","href":"https:\/\/api.w.org\/{rel}","templated":true}]}}