{"id":1243,"date":"2025-01-25T15:38:10","date_gmt":"2025-01-25T14:38:10","guid":{"rendered":"https:\/\/ptta.at\/?page_id=1243"},"modified":"2025-01-26T13:57:31","modified_gmt":"2025-01-26T12:57:31","slug":"1-kaerntner-parkinson-tischtennis-cup-powered-by-stada","status":"publish","type":"page","link":"https:\/\/ptta.at\/?page_id=1243","title":{"rendered":"1. K\u00e4rntner Parkinson Tischtennis Cup powered by STADA"},"content":{"rendered":"\n<p>Sogar aus Tirol waren TeilnehmerInnen angereist, um am 18. J\u00e4nner 2025 in der Volksschule Gurnitz im sch\u00f6nen Ebenthal bei Klagenfurt am 1. K\u00e4rnten Cup powered by STADA  f\u00fcr Parkinson-Tischtennis-SpielerInnen teilzunehmen.<\/p>\n\n\n\n<p>Mit viel Elan halfen dann sogar je eine Dame bzw. ein Herr bei den Doppelbewerben aus, damit jeder daran teilnehmen konnte.<\/p>\n\n\n\n<p>Die Platzierten bekamen wundersch\u00f6ne Medaillen &#8211; in Form von Tischtennisschl\u00e4gern aus Zirbenholz &#8211; von Vizeb\u00fcrgermeister Markus Ambrosch \u00fcberreicht.<\/p>\n\n\n\n<p>Wir danken dem Ausrichter, TTC Felsberger-Gurnitz, der in Kooperation mit PTTA und unserem Sponsor STADA dieses tolle Turnier veranstaltet hat &#8211; und auch den TeilnehmerInnen &#8211; ohne sie w\u00e4ren solche Veranstaltungen nicht m\u00f6glich!<\/p>\n\n\n\n<p>Hier die Ergebnisliste:<\/p>\n\n\n\n<div class=\"wp-block-file\"><a id=\"wp-block-file--media-23b48b01-2626-454b-9f1c-eda46e2ef91f\" href=\"https:\/\/ptta.at\/wp-content\/uploads\/2025\/01\/Ergebnis-1KaerntenCup2025_Stada_ptta-ttcg.pdf\" target=\"_blank\" rel=\"noreferrer noopener\">Ergebnis 1K\u00e4rntenCup2025<\/a><\/div>\n\n\n\n<p>Fotos von Agnes Jan, Christian Sommerhuber, und Ernst Kitzer.<\/p>\n\n\n<div><style id=\"wp_carousel_dynamic_css1259\">.sp-wp-carousel-free-id-1259.wpcf-fancybox-wrapper .fancybox-bg{background: #0b0b0b;opacity: 0.8;}.sp-wp-carousel-free-id-1259.wpcf-fancybox-wrapper .fancybox-navigation .fancybox-button .wpcp-fancybox-nav-arrow i {color: #ccc;}.sp-wp-carousel-free-id-1259.wpcf-fancybox-wrapper .fancybox-navigation .fancybox-button .wpcp-fancybox-nav-arrow i:hover {color: #fff;}.sp-wp-carousel-free-id-1259.wpcf-fancybox-wrapper .fancybox-navigation .fancybox-button {background: #1e1e1e;}.sp-wp-carousel-free-id-1259.wpcf-fancybox-wrapper .fancybox-navigation .fancybox-button:hover {background: #1e1e1e;}#sp-wp-carousel-free-id-1259 .wpcp-swiper-dots {margin: 40px 0px 0px 0px;}.wpcp-wrapper-1259 .swiper-wrapper .swiper-slide-kenburn, .wpcp-wrapper-1259 .swiper-wrapper, .wpcp-wrapper-1259 .wpcpro-row{align-items: center;}#sp-wp-carousel-free-id-1259 .wpcp-single-item {box-shadow: 0px 0px 0px 0px #dddddd;transition: all .3s;margin: 0px;}#sp-wp-carousel-free-id-1259.swiper-flip .wpcp-single-item{margin: 0!important;}#sp-wp-carousel-free-id-1259 .wpcp-single-item:hover {box-shadow: 0px 0px 0px 0px #dddddd;}#sp-wp-carousel-free-id-1259.sp-wpcp-1259 .wpcp-single-item {border: 1px solid #dddddd;}#sp-wp-carousel-free-id-1259.wpcp-carousel-section.sp-wpcp-1259 .swiper-button-prev,#sp-wp-carousel-free-id-1259.wpcp-carousel-section.sp-wpcp-1259 .swiper-button-next,#sp-wp-carousel-free-id-1259.wpcp-carousel-section.sp-wpcp-1259 .swiper-button-prev:hover,#sp-wp-carousel-free-id-1259.wpcp-carousel-section.sp-wpcp-1259 .swiper-button-next:hover {font-size: 18px ; font-weight: 400;}#sp-wp-carousel-free-id-1259.sp-wpcp-1259 .swiper-button-prev,#sp-wp-carousel-free-id-1259.sp-wpcp-1259 .swiper-button-next,#sp-wp-carousel-free-id-1259.sp-wpcp-1259 .swiper-button-prev:hover,#sp-wp-carousel-free-id-1259.sp-wpcp-1259 .swiper-button-next:hover {background: none;border: none;font-size: 30px;}#sp-wp-carousel-free-id-1259.sp-wpcp-1259 .swiper-button-prev i,#sp-wp-carousel-free-id-1259.sp-wpcp-1259 .swiper-button-next i {color: #aaa;}#sp-wp-carousel-free-id-1259.sp-wpcp-1259 .swiper-button-prev i:hover,#sp-wp-carousel-free-id-1259.sp-wpcp-1259 .swiper-button-next i:hover {color: #178087;}#sp-wp-carousel-free-id-1259.sp-wpcp-1259 .wpcp-swiper-dots .swiper-pagination-bullet {background-color: #cccccc;}#sp-wp-carousel-free-id-1259.sp-wpcp-1259 .wpcp-swiper-dots .swiper-pagination-bullet.swiper-pagination-bullet-active {background-color: #178087;} #sp-wp-carousel-free-id-1259.sp-wpcp-1259.wpcp-image-carousel .wpcp-single-item:hover img, #sp-wp-carousel-free-id-1259.sp-wpcp-1259.wpcp-post-carousel .wpcp-single-item:hover img, #sp-wp-carousel-free-id-1259.sp-wpcp-1259.wpcp-product-carousel .wpcp-single-item:hover img{-webkit-transform: scale(1.2);-moz-transform: scale(1.2);transform: scale(1.2);}#sp-wp-carousel-free-id-1259 .wpcpro-row>[class*=\"wpcpro-col-\"] { padding: 0 10px; padding-bottom: 20px;} #sp-wp-carousel-free-id-1259 .swiper-slide .single-item-fade:not(:last-child) { margin-right: 20px;}@media (min-width: 480px) { .wpcpro-row .wpcpro-col-sm-1 { flex: 0 0 100%; max-width: 100%; } .wpcpro-row .wpcpro-col-sm-2 { flex: 0 0 50%; max-width: 50%; } .wpcpro-row .wpcpro-col-sm-2-5 { flex: 0 0 75%; max-width: 75%; } .wpcpro-row .wpcpro-col-sm-3 { flex: 0 0 33.333%; max-width: 33.333%; } .wpcpro-row .wpcpro-col-sm-4 { flex: 0 0 25%; max-width: 25%; } .wpcpro-row .wpcpro-col-sm-5 { flex: 0 0 20%; max-width: 20%; } .wpcpro-row .wpcpro-col-sm-6 { flex: 0 0 16.66666666666667%; max-width: 16.66666666666667%; } .wpcpro-row .wpcpro-col-sm-7 { flex: 0 0 14.28571428%; max-width: 14.28571428%; } .wpcpro-row .wpcpro-col-sm-8 { flex: 0 0 12.5%; max-width: 12.5%; } } @media (max-width: 480px) { .wpcpro-row .wpcpro-col-xs-1 { flex: 0 0 100%; max-width: 100%; } .wpcpro-row .wpcpro-col-xs-2 { flex: 0 0 50%; max-width: 50%; } .wpcpro-row .wpcpro-col-xs-3 { flex: 0 0 33.222%; max-width: 33.222%; } .wpcpro-row .wpcpro-col-xs-4 { flex: 0 0 25%; max-width: 25%; } .wpcpro-row .wpcpro-col-xs-5 { flex: 0 0 20%; max-width: 20%; } .wpcpro-row .wpcpro-col-xs-6 { flex: 0 0 16.6667%; max-width: 16.6667%; } .wpcpro-row .wpcpro-col-xs-7 { flex: 0 0 14.28571428%; max-width: 14.28571428%; } .wpcpro-row .wpcpro-col-xs-8 { flex: 0 0 12.5%; max-width: 12.5%; } } @media (min-width: 736px) { .wpcpro-row .wpcpro-col-md-1 { flex: 0 0 100%; max-width: 100%; } .wpcpro-row .wpcpro-col-md-2 { flex: 0 0 50%; max-width: 50%; } .wpcpro-row .wpcpro-col-md-2-5 { flex: 0 0 75%; max-width: 75%; } .wpcpro-row .wpcpro-col-md-3 { flex: 0 0 33.333%; max-width: 33.333%; } .wpcpro-row .wpcpro-col-md-4 { flex: 0 0 25%; max-width: 25%; } .wpcpro-row .wpcpro-col-md-5 { flex: 0 0 20%; max-width: 20%; } .wpcpro-row .wpcpro-col-md-6 { flex: 0 0 16.66666666666667%; max-width: 16.66666666666667%; } .wpcpro-row .wpcpro-col-md-7 { flex: 0 0 14.28571428%; max-width: 14.28571428%; } .wpcpro-row .wpcpro-col-md-8 { flex: 0 0 12.5%; max-width: 12.5%; } } @media (min-width: 980px) { .wpcpro-row .wpcpro-col-lg-1 { flex: 0 0 100%; max-width: 100%; } .wpcpro-row .wpcpro-col-lg-2 { flex: 0 0 50%; max-width: 50%; } .wpcpro-row .wpcpro-col-lg-3 { flex: 0 0 33.222%; max-width: 33.222%; } .wpcpro-row .wpcpro-col-lg-4 { flex: 0 0 25%; max-width: 25%; } .wpcpro-row .wpcpro-col-lg-5 { flex: 0 0 20%; max-width: 20%; } .wpcpro-row .wpcpro-col-lg-6 { flex: 0 0 16.6667%; max-width: 16.6667%; } .wpcpro-row .wpcpro-col-lg-7 { flex: 0 0 14.28571428%; max-width: 14.28571428%; } .wpcpro-row .wpcpro-col-lg-8 { flex: 0 0 12.5%; max-width: 12.5%; } } @media (min-width: 1200px) { .wpcpro-row .wpcpro-col-xl-1 { flex: 0 0 100%; max-width: 100%; } .wpcpro-row .wpcpro-col-xl-2 { flex: 0 0 50%; max-width: 50%; } .wpcpro-row .wpcpro-col-xl-3 { flex: 0 0 33.22222222%; max-width: 33.22222222%; } .wpcpro-row .wpcpro-col-xl-4 { flex: 0 0 25%; max-width: 25%; } .wpcpro-row .wpcpro-col-xl-5 { flex: 0 0 20%; max-width: 20%; } .wpcpro-row .wpcpro-col-xl-6 { flex: 0 0 16.66667%; max-width: 16.66667%; } .wpcpro-row .wpcpro-col-xl-7 { flex: 0 0 14.28571428%; max-width: 14.28571428%; } .wpcpro-row .wpcpro-col-xl-8 { flex: 0 0 12.5%; max-width: 12.5%; } }<\/style><div class=\"wpcp-carousel-wrapper wpcp-wrapper-1259\">\n\t<div id=\"wpcp-preloader-1259\" class=\"wpcp-carousel-preloader\"><img decoding=\"async\" src=\"https:\/\/ptta.at\/wp-content\/plugins\/wp-carousel-free\/public\/css\/spinner.svg\" alt=\"Preloader Image\" \/><\/div>\t<div class=\"wpcp-carousel-content-wrapper\">\n\t<div id=\"sp-wp-carousel-free-id-1259\" class=\"wpcp-carousel-section sp-wpcp-1259  nav-vertical-center wpcp-image-carousel wpcp-preloader wpcp-standard\" data-swiper='{ &quot;pagination_type&quot;: &quot;dots&quot;,&quot;accessibility&quot;:true, &quot;spaceBetween&quot;:20, &quot;arrows&quot;:true, &quot;freeMode&quot;: false, &quot;autoplay&quot;:true, &quot;effect&quot;: &quot;&quot;, &quot;centerMode&quot;: false, &quot;autoplaySpeed&quot;:3000, &quot;dots&quot;:true, &quot;infinite&quot;:true, &quot;speed&quot;:600, &quot;pauseOnHover&quot;:true,\n\t\t\t&quot;slidesToShow&quot;:{&quot;lg_desktop&quot;:5, &quot;desktop&quot;: 4, &quot;laptop&quot;: 3, &quot;tablet&quot;: 2, &quot;mobile&quot;: 1}, &quot;responsive&quot;:{&quot;desktop&quot;:1200, &quot;laptop&quot;: 980, &quot;tablet&quot;: 736, &quot;mobile&quot;: 480}, &quot;rtl&quot;:false, &quot;lazyLoad&quot;: &quot;false&quot;, &quot;swipe&quot;: true, &quot;draggable&quot;: true, &quot;swipeToSlide&quot;:false }' dir=\"ltr\">\n\t\t<div class=\"swiper-wrapper\">\n\t\t<div class=\"swiper-slide\">\n\t<div class=\"wpcp-single-item\">\n\t\t\t<a class=\"wcp-light-box\" data-buttons='[\"close\"]' data-wpc_url='https:\/\/ptta.at\/wp-content\/uploads\/2025\/01\/Parkinsonturnier-2025-Gurnitz-2_Med-300x200.jpg' href=\"https:\/\/ptta.at\/wp-content\/uploads\/2025\/01\/Parkinsonturnier-2025-Gurnitz-2_Med-scaled.jpg\" data-fancybox=\"wpcp_view\">\n\t\t<figure>\n\t\t\t<img loading=\"lazy\" decoding=\"async\" class=\"skip-lazy\" src=\"https:\/\/ptta.at\/wp-content\/uploads\/2025\/01\/Parkinsonturnier-2025-Gurnitz-2_Med-300x200.jpg\" alt=\"Parkinsonturnier 2025 Gurnitz-2_Med\" width=\"300\" height=\"200\">\t\t<\/figure>\n\t<\/a>\n\t\t<\/div>\n<\/div>\n\t<div class=\"swiper-slide\">\n\t<div class=\"wpcp-single-item\">\n\t\t\t<a class=\"wcp-light-box\" data-buttons='[\"close\"]' data-wpc_url='https:\/\/ptta.at\/wp-content\/uploads\/2025\/01\/Parkinsonturnier-2025-Gurnitz-1_Stada_kl-2-300x174.png' href=\"https:\/\/ptta.at\/wp-content\/uploads\/2025\/01\/Parkinsonturnier-2025-Gurnitz-1_Stada_kl-2.png\" data-fancybox=\"wpcp_view\">\n\t\t<figure>\n\t\t\t<img loading=\"lazy\" decoding=\"async\" class=\"skip-lazy\" src=\"https:\/\/ptta.at\/wp-content\/uploads\/2025\/01\/Parkinsonturnier-2025-Gurnitz-1_Stada_kl-2-300x174.png\" alt=\"Parkinsonturnier 2025 Gurnitz-1_Stada_kl\" width=\"300\" height=\"174\">\t\t<\/figure>\n\t<\/a>\n\t\t<\/div>\n<\/div>\n\t<div class=\"swiper-slide\">\n\t<div class=\"wpcp-single-item\">\n\t\t\t<a class=\"wcp-light-box\" data-buttons='[\"close\"]' data-wpc_url='https:\/\/ptta.at\/wp-content\/uploads\/2025\/01\/IMG-20250123-WA0006-300x138.jpg' href=\"https:\/\/ptta.at\/wp-content\/uploads\/2025\/01\/IMG-20250123-WA0006.jpg\" data-fancybox=\"wpcp_view\">\n\t\t<figure>\n\t\t\t<img loading=\"lazy\" decoding=\"async\" class=\"skip-lazy\" src=\"https:\/\/ptta.at\/wp-content\/uploads\/2025\/01\/IMG-20250123-WA0006-300x138.jpg\" alt=\"IMG-20250123-WA0006\" width=\"300\" height=\"138\">\t\t<\/figure>\n\t<\/a>\n\t\t<\/div>\n<\/div>\n\t<div class=\"swiper-slide\">\n\t<div class=\"wpcp-single-item\">\n\t\t\t<a class=\"wcp-light-box\" data-buttons='[\"close\"]' data-wpc_url='https:\/\/ptta.at\/wp-content\/uploads\/2025\/01\/IMG-20250123-WA0008-1-300x138.jpg' href=\"https:\/\/ptta.at\/wp-content\/uploads\/2025\/01\/IMG-20250123-WA0008-1.jpg\" data-fancybox=\"wpcp_view\">\n\t\t<figure>\n\t\t\t<img loading=\"lazy\" decoding=\"async\" class=\"skip-lazy\" src=\"https:\/\/ptta.at\/wp-content\/uploads\/2025\/01\/IMG-20250123-WA0008-1-300x138.jpg\" alt=\"IMG-20250123-WA0008\" width=\"300\" height=\"138\">\t\t<\/figure>\n\t<\/a>\n\t\t<\/div>\n<\/div>\n\t<div class=\"swiper-slide\">\n\t<div class=\"wpcp-single-item\">\n\t\t\t<a class=\"wcp-light-box\" data-buttons='[\"close\"]' data-wpc_url='https:\/\/ptta.at\/wp-content\/uploads\/2025\/01\/IMG-20250123-WA0010-1-300x138.jpg' href=\"https:\/\/ptta.at\/wp-content\/uploads\/2025\/01\/IMG-20250123-WA0010-1.jpg\" data-fancybox=\"wpcp_view\">\n\t\t<figure>\n\t\t\t<img loading=\"lazy\" decoding=\"async\" class=\"skip-lazy\" src=\"https:\/\/ptta.at\/wp-content\/uploads\/2025\/01\/IMG-20250123-WA0010-1-300x138.jpg\" alt=\"IMG-20250123-WA0010\" width=\"300\" height=\"138\">\t\t<\/figure>\n\t<\/a>\n\t\t<\/div>\n<\/div>\n\t<div class=\"swiper-slide\">\n\t<div class=\"wpcp-single-item\">\n\t\t\t<a class=\"wcp-light-box\" data-buttons='[\"close\"]' data-wpc_url='https:\/\/ptta.at\/wp-content\/uploads\/2025\/01\/IMG_3936-225x300.jpg' href=\"https:\/\/ptta.at\/wp-content\/uploads\/2025\/01\/IMG_3936-scaled.jpg\" data-fancybox=\"wpcp_view\">\n\t\t<figure>\n\t\t\t<img loading=\"lazy\" decoding=\"async\" class=\"skip-lazy\" src=\"https:\/\/ptta.at\/wp-content\/uploads\/2025\/01\/IMG_3936-225x300.jpg\" alt=\"IMG_3936\" width=\"225\" height=\"300\">\t\t<\/figure>\n\t<\/a>\n\t\t<\/div>\n<\/div>\n\t<div class=\"swiper-slide\">\n\t<div class=\"wpcp-single-item\">\n\t\t\t<a class=\"wcp-light-box\" data-buttons='[\"close\"]' data-wpc_url='https:\/\/ptta.at\/wp-content\/uploads\/2025\/01\/IMG_3860-225x300.jpg' href=\"https:\/\/ptta.at\/wp-content\/uploads\/2025\/01\/IMG_3860-scaled.jpg\" data-fancybox=\"wpcp_view\">\n\t\t<figure>\n\t\t\t<img loading=\"lazy\" decoding=\"async\" class=\"skip-lazy\" src=\"https:\/\/ptta.at\/wp-content\/uploads\/2025\/01\/IMG_3860-225x300.jpg\" alt=\"IMG_3860\" width=\"225\" height=\"300\">\t\t<\/figure>\n\t<\/a>\n\t\t<\/div>\n<\/div>\n\t<div class=\"swiper-slide\">\n\t<div class=\"wpcp-single-item\">\n\t\t\t<a class=\"wcp-light-box\" data-buttons='[\"close\"]' data-wpc_url='https:\/\/ptta.at\/wp-content\/uploads\/2025\/01\/IMG_3875-225x300.jpg' href=\"https:\/\/ptta.at\/wp-content\/uploads\/2025\/01\/IMG_3875-scaled.jpg\" data-fancybox=\"wpcp_view\">\n\t\t<figure>\n\t\t\t<img loading=\"lazy\" decoding=\"async\" class=\"skip-lazy\" src=\"https:\/\/ptta.at\/wp-content\/uploads\/2025\/01\/IMG_3875-225x300.jpg\" alt=\"IMG_3875\" width=\"225\" height=\"300\">\t\t<\/figure>\n\t<\/a>\n\t\t<\/div>\n<\/div>\n\t<div class=\"swiper-slide\">\n\t<div class=\"wpcp-single-item\">\n\t\t\t<a class=\"wcp-light-box\" data-buttons='[\"close\"]' data-wpc_url='https:\/\/ptta.at\/wp-content\/uploads\/2025\/01\/IMG_3930-300x225.jpg' href=\"https:\/\/ptta.at\/wp-content\/uploads\/2025\/01\/IMG_3930-scaled.jpg\" data-fancybox=\"wpcp_view\">\n\t\t<figure>\n\t\t\t<img loading=\"lazy\" decoding=\"async\" class=\"skip-lazy\" src=\"https:\/\/ptta.at\/wp-content\/uploads\/2025\/01\/IMG_3930-300x225.jpg\" alt=\"IMG_3930\" width=\"300\" height=\"225\">\t\t<\/figure>\n\t<\/a>\n\t\t<\/div>\n<\/div>\n\t<div class=\"swiper-slide\">\n\t<div class=\"wpcp-single-item\">\n\t\t\t<a class=\"wcp-light-box\" data-buttons='[\"close\"]' data-wpc_url='https:\/\/ptta.at\/wp-content\/uploads\/2025\/01\/IMG_3931-300x225.jpg' href=\"https:\/\/ptta.at\/wp-content\/uploads\/2025\/01\/IMG_3931-scaled.jpg\" data-fancybox=\"wpcp_view\">\n\t\t<figure>\n\t\t\t<img loading=\"lazy\" decoding=\"async\" class=\"skip-lazy\" src=\"https:\/\/ptta.at\/wp-content\/uploads\/2025\/01\/IMG_3931-300x225.jpg\" alt=\"IMG_3931\" width=\"300\" height=\"225\">\t\t<\/figure>\n\t<\/a>\n\t\t<\/div>\n<\/div>\n\t<div class=\"swiper-slide\">\n\t<div class=\"wpcp-single-item\">\n\t\t\t<a class=\"wcp-light-box\" data-buttons='[\"close\"]' data-wpc_url='https:\/\/ptta.at\/wp-content\/uploads\/2025\/01\/IMG_3833-300x225.jpg' href=\"https:\/\/ptta.at\/wp-content\/uploads\/2025\/01\/IMG_3833-scaled.jpg\" data-fancybox=\"wpcp_view\">\n\t\t<figure>\n\t\t\t<img loading=\"lazy\" decoding=\"async\" class=\"skip-lazy\" src=\"https:\/\/ptta.at\/wp-content\/uploads\/2025\/01\/IMG_3833-300x225.jpg\" alt=\"IMG_3833\" width=\"300\" height=\"225\">\t\t<\/figure>\n\t<\/a>\n\t\t<\/div>\n<\/div>\n\t<div class=\"swiper-slide\">\n\t<div class=\"wpcp-single-item\">\n\t\t\t<a class=\"wcp-light-box\" data-buttons='[\"close\"]' data-wpc_url='https:\/\/ptta.at\/wp-content\/uploads\/2025\/01\/IMG_3848-300x225.jpg' href=\"https:\/\/ptta.at\/wp-content\/uploads\/2025\/01\/IMG_3848-scaled.jpg\" data-fancybox=\"wpcp_view\">\n\t\t<figure>\n\t\t\t<img loading=\"lazy\" decoding=\"async\" class=\"skip-lazy\" src=\"https:\/\/ptta.at\/wp-content\/uploads\/2025\/01\/IMG_3848-300x225.jpg\" alt=\"IMG_3848\" width=\"300\" height=\"225\">\t\t<\/figure>\n\t<\/a>\n\t\t<\/div>\n<\/div>\n\t<div class=\"swiper-slide\">\n\t<div class=\"wpcp-single-item\">\n\t\t\t<a class=\"wcp-light-box\" data-buttons='[\"close\"]' data-wpc_url='https:\/\/ptta.at\/wp-content\/uploads\/2025\/01\/Parkinsonturnier-2025-Gurnitz-4-300x200.jpg' href=\"https:\/\/ptta.at\/wp-content\/uploads\/2025\/01\/Parkinsonturnier-2025-Gurnitz-4-scaled.jpg\" data-fancybox=\"wpcp_view\">\n\t\t<figure>\n\t\t\t<img loading=\"lazy\" decoding=\"async\" class=\"skip-lazy\" src=\"https:\/\/ptta.at\/wp-content\/uploads\/2025\/01\/Parkinsonturnier-2025-Gurnitz-4-300x200.jpg\" alt=\"Parkinsonturnier 2025 Gurnitz-4\" width=\"300\" height=\"200\">\t\t<\/figure>\n\t<\/a>\n\t\t<\/div>\n<\/div>\n\t<div class=\"swiper-slide\">\n\t<div class=\"wpcp-single-item\">\n\t\t\t<a class=\"wcp-light-box\" data-buttons='[\"close\"]' data-wpc_url='https:\/\/ptta.at\/wp-content\/uploads\/2025\/01\/Parkinsonturnier-2025-Gurnitz-25-300x200.jpg' href=\"https:\/\/ptta.at\/wp-content\/uploads\/2025\/01\/Parkinsonturnier-2025-Gurnitz-25-scaled.jpg\" data-fancybox=\"wpcp_view\">\n\t\t<figure>\n\t\t\t<img loading=\"lazy\" decoding=\"async\" class=\"skip-lazy\" src=\"https:\/\/ptta.at\/wp-content\/uploads\/2025\/01\/Parkinsonturnier-2025-Gurnitz-25-300x200.jpg\" alt=\"Parkinsonturnier 2025 Gurnitz-25\" width=\"300\" height=\"200\">\t\t<\/figure>\n\t<\/a>\n\t\t<\/div>\n<\/div>\n\t<div class=\"swiper-slide\">\n\t<div class=\"wpcp-single-item\">\n\t\t\t<a class=\"wcp-light-box\" data-buttons='[\"close\"]' data-wpc_url='https:\/\/ptta.at\/wp-content\/uploads\/2025\/01\/Parkinsonturnier-2025-Gurnitz-mixed-300x200.jpg' href=\"https:\/\/ptta.at\/wp-content\/uploads\/2025\/01\/Parkinsonturnier-2025-Gurnitz-mixed-scaled.jpg\" data-fancybox=\"wpcp_view\">\n\t\t<figure>\n\t\t\t<img loading=\"lazy\" decoding=\"async\" class=\"skip-lazy\" src=\"https:\/\/ptta.at\/wp-content\/uploads\/2025\/01\/Parkinsonturnier-2025-Gurnitz-mixed-300x200.jpg\" alt=\"Parkinsonturnier 2025 Gurnitz-mixed\" width=\"300\" height=\"200\">\t\t<\/figure>\n\t<\/a>\n\t\t<\/div>\n<\/div>\n\t<div class=\"swiper-slide\">\n\t<div class=\"wpcp-single-item\">\n\t\t\t<a class=\"wcp-light-box\" data-buttons='[\"close\"]' data-wpc_url='https:\/\/ptta.at\/wp-content\/uploads\/2025\/01\/Parkinsonturnier-2025-Gurnitz-35-300x200.jpg' href=\"https:\/\/ptta.at\/wp-content\/uploads\/2025\/01\/Parkinsonturnier-2025-Gurnitz-35-scaled.jpg\" data-fancybox=\"wpcp_view\">\n\t\t<figure>\n\t\t\t<img loading=\"lazy\" decoding=\"async\" class=\"skip-lazy\" src=\"https:\/\/ptta.at\/wp-content\/uploads\/2025\/01\/Parkinsonturnier-2025-Gurnitz-35-300x200.jpg\" alt=\"Parkinsonturnier 2025 Gurnitz-35\" width=\"300\" height=\"200\">\t\t<\/figure>\n\t<\/a>\n\t\t<\/div>\n<\/div>\n\t<div class=\"swiper-slide\">\n\t<div class=\"wpcp-single-item\">\n\t\t\t<a class=\"wcp-light-box\" data-buttons='[\"close\"]' data-wpc_url='https:\/\/ptta.at\/wp-content\/uploads\/2025\/01\/Parkinsonturnier-2025-Gurnitz-36-300x200.jpg' href=\"https:\/\/ptta.at\/wp-content\/uploads\/2025\/01\/Parkinsonturnier-2025-Gurnitz-36-scaled.jpg\" data-fancybox=\"wpcp_view\">\n\t\t<figure>\n\t\t\t<img loading=\"lazy\" decoding=\"async\" class=\"skip-lazy\" src=\"https:\/\/ptta.at\/wp-content\/uploads\/2025\/01\/Parkinsonturnier-2025-Gurnitz-36-300x200.jpg\" alt=\"Parkinsonturnier 2025 Gurnitz-36\" width=\"300\" height=\"200\">\t\t<\/figure>\n\t<\/a>\n\t\t<\/div>\n<\/div>\n\t<div class=\"swiper-slide\">\n\t<div class=\"wpcp-single-item\">\n\t\t\t<a class=\"wcp-light-box\" data-buttons='[\"close\"]' data-wpc_url='https:\/\/ptta.at\/wp-content\/uploads\/2025\/01\/Parkinsonturnier-2025-Gurnitz-28-300x200.jpg' href=\"https:\/\/ptta.at\/wp-content\/uploads\/2025\/01\/Parkinsonturnier-2025-Gurnitz-28-scaled.jpg\" data-fancybox=\"wpcp_view\">\n\t\t<figure>\n\t\t\t<img loading=\"lazy\" decoding=\"async\" class=\"skip-lazy\" src=\"https:\/\/ptta.at\/wp-content\/uploads\/2025\/01\/Parkinsonturnier-2025-Gurnitz-28-300x200.jpg\" alt=\"Parkinsonturnier 2025 Gurnitz-28\" width=\"300\" height=\"200\">\t\t<\/figure>\n\t<\/a>\n\t\t<\/div>\n<\/div>\n\t<div class=\"swiper-slide\">\n\t<div class=\"wpcp-single-item\">\n\t\t\t<a class=\"wcp-light-box\" data-buttons='[\"close\"]' data-wpc_url='https:\/\/ptta.at\/wp-content\/uploads\/2025\/01\/Parkinsonturnier-2025-Gurnitz-40-300x200.jpg' href=\"https:\/\/ptta.at\/wp-content\/uploads\/2025\/01\/Parkinsonturnier-2025-Gurnitz-40-scaled.jpg\" data-fancybox=\"wpcp_view\">\n\t\t<figure>\n\t\t\t<img loading=\"lazy\" decoding=\"async\" class=\"skip-lazy\" src=\"https:\/\/ptta.at\/wp-content\/uploads\/2025\/01\/Parkinsonturnier-2025-Gurnitz-40-300x200.jpg\" alt=\"Parkinsonturnier 2025 Gurnitz-40\" width=\"300\" height=\"200\">\t\t<\/figure>\n\t<\/a>\n\t\t<\/div>\n<\/div>\n\t<div class=\"swiper-slide\">\n\t<div class=\"wpcp-single-item\">\n\t\t\t<a class=\"wcp-light-box\" data-buttons='[\"close\"]' data-wpc_url='https:\/\/ptta.at\/wp-content\/uploads\/2025\/01\/Parkinsonturnier-2025-Gurnitz-41-300x200.jpg' href=\"https:\/\/ptta.at\/wp-content\/uploads\/2025\/01\/Parkinsonturnier-2025-Gurnitz-41-scaled.jpg\" data-fancybox=\"wpcp_view\">\n\t\t<figure>\n\t\t\t<img loading=\"lazy\" decoding=\"async\" class=\"skip-lazy\" src=\"https:\/\/ptta.at\/wp-content\/uploads\/2025\/01\/Parkinsonturnier-2025-Gurnitz-41-300x200.jpg\" alt=\"Parkinsonturnier 2025 Gurnitz-41\" width=\"300\" height=\"200\">\t\t<\/figure>\n\t<\/a>\n\t\t<\/div>\n<\/div>\n\t<div class=\"swiper-slide\">\n\t<div class=\"wpcp-single-item\">\n\t\t\t<a class=\"wcp-light-box\" data-buttons='[\"close\"]' data-wpc_url='https:\/\/ptta.at\/wp-content\/uploads\/2025\/01\/Parkinsonturnier-2025-Gurnitz-42-300x200.jpg' href=\"https:\/\/ptta.at\/wp-content\/uploads\/2025\/01\/Parkinsonturnier-2025-Gurnitz-42-scaled.jpg\" data-fancybox=\"wpcp_view\">\n\t\t<figure>\n\t\t\t<img loading=\"lazy\" decoding=\"async\" class=\"skip-lazy\" src=\"https:\/\/ptta.at\/wp-content\/uploads\/2025\/01\/Parkinsonturnier-2025-Gurnitz-42-300x200.jpg\" alt=\"Parkinsonturnier 2025 Gurnitz-42\" width=\"300\" height=\"200\">\t\t<\/figure>\n\t<\/a>\n\t\t<\/div>\n<\/div>\n\t<div class=\"swiper-slide\">\n\t<div class=\"wpcp-single-item\">\n\t\t\t<a class=\"wcp-light-box\" data-buttons='[\"close\"]' data-wpc_url='https:\/\/ptta.at\/wp-content\/uploads\/2025\/01\/Parkinsonturnier-2025-Gurnitz-44-200x300.jpg' href=\"https:\/\/ptta.at\/wp-content\/uploads\/2025\/01\/Parkinsonturnier-2025-Gurnitz-44-scaled.jpg\" data-fancybox=\"wpcp_view\">\n\t\t<figure>\n\t\t\t<img loading=\"lazy\" decoding=\"async\" class=\"skip-lazy\" src=\"https:\/\/ptta.at\/wp-content\/uploads\/2025\/01\/Parkinsonturnier-2025-Gurnitz-44-200x300.jpg\" alt=\"Parkinsonturnier 2025 Gurnitz-44\" width=\"200\" height=\"300\">\t\t<\/figure>\n\t<\/a>\n\t\t<\/div>\n<\/div>\n\t<div class=\"swiper-slide\">\n\t<div class=\"wpcp-single-item\">\n\t\t\t<a class=\"wcp-light-box\" data-buttons='[\"close\"]' data-wpc_url='https:\/\/ptta.at\/wp-content\/uploads\/2025\/01\/Parkinsonturnier-2025-Gurnitz-43-300x200.jpg' href=\"https:\/\/ptta.at\/wp-content\/uploads\/2025\/01\/Parkinsonturnier-2025-Gurnitz-43-scaled.jpg\" data-fancybox=\"wpcp_view\">\n\t\t<figure>\n\t\t\t<img loading=\"lazy\" decoding=\"async\" class=\"skip-lazy\" src=\"https:\/\/ptta.at\/wp-content\/uploads\/2025\/01\/Parkinsonturnier-2025-Gurnitz-43-300x200.jpg\" alt=\"Parkinsonturnier 2025 Gurnitz-43\" width=\"300\" height=\"200\">\t\t<\/figure>\n\t<\/a>\n\t\t<\/div>\n<\/div>\n\t<div class=\"swiper-slide\">\n\t<div class=\"wpcp-single-item\">\n\t\t\t<a class=\"wcp-light-box\" data-buttons='[\"close\"]' data-wpc_url='https:\/\/ptta.at\/wp-content\/uploads\/2025\/01\/Parkinsonturnier-2025-Gurnitz-14-300x200.jpg' href=\"https:\/\/ptta.at\/wp-content\/uploads\/2025\/01\/Parkinsonturnier-2025-Gurnitz-14-scaled.jpg\" data-fancybox=\"wpcp_view\">\n\t\t<figure>\n\t\t\t<img loading=\"lazy\" decoding=\"async\" class=\"skip-lazy\" src=\"https:\/\/ptta.at\/wp-content\/uploads\/2025\/01\/Parkinsonturnier-2025-Gurnitz-14-300x200.jpg\" alt=\"Parkinsonturnier 2025 Gurnitz-14\" width=\"300\" height=\"200\">\t\t<\/figure>\n\t<\/a>\n\t\t<\/div>\n<\/div>\n\t<div class=\"swiper-slide\">\n\t<div class=\"wpcp-single-item\">\n\t\t\t<a class=\"wcp-light-box\" data-buttons='[\"close\"]' data-wpc_url='https:\/\/ptta.at\/wp-content\/uploads\/2025\/01\/Parkinsonturnier-2025-Gurnitz-34-300x200.jpg' href=\"https:\/\/ptta.at\/wp-content\/uploads\/2025\/01\/Parkinsonturnier-2025-Gurnitz-34-scaled.jpg\" data-fancybox=\"wpcp_view\">\n\t\t<figure>\n\t\t\t<img loading=\"lazy\" decoding=\"async\" class=\"skip-lazy\" src=\"https:\/\/ptta.at\/wp-content\/uploads\/2025\/01\/Parkinsonturnier-2025-Gurnitz-34-300x200.jpg\" alt=\"Parkinsonturnier 2025 Gurnitz-34\" width=\"300\" height=\"200\">\t\t<\/figure>\n\t<\/a>\n\t\t<\/div>\n<\/div>\n\t\t\t<\/div>\n\t\t\t\t\t<div class=\"wpcp-swiper-dots swiper-pagination\"><\/div>\n\t\t\t\t<!-- If we need navigation buttons -->\n\t\t\t\t\t<div class=\"wpcp-prev-button swiper-button-prev\"><i class=\"fa fa-angle-left\"><\/i><\/div>\n\t\t\t<div class=\"wpcp-next-button swiper-button-next\"><i class=\"fa fa-angle-right\"><\/i><\/div>\n\t\t\t<\/div>\n\t<\/div>\n<\/div>\n<\/div>","protected":false},"excerpt":{"rendered":"<p>Sogar aus Tirol waren TeilnehmerInnen angereist, um am 18. J\u00e4nner 2025 in der Volksschule Gurnitz im sch\u00f6nen Ebenthal bei Klagenfurt am 1. K\u00e4rnten Cup powered by STADA f\u00fcr Parkinson-Tischtennis-SpielerInnen teilzunehmen. Mit viel Elan halfen dann sogar je eine Dame bzw. ein Herr bei den Doppelbewerben aus, damit jeder daran teilnehmen konnte. Die Platzierten bekamen wundersch\u00f6ne [&hellip;]<\/p>\n","protected":false},"author":4,"featured_media":0,"parent":0,"menu_order":0,"comment_status":"closed","ping_status":"closed","template":"","meta":{"footnotes":""},"class_list":["post-1243","page","type-page","status-publish","hentry"],"_links":{"self":[{"href":"https:\/\/ptta.at\/index.php?rest_route=\/wp\/v2\/pages\/1243","targetHints":{"allow":["GET"]}}],"collection":[{"href":"https:\/\/ptta.at\/index.php?rest_route=\/wp\/v2\/pages"}],"about":[{"href":"https:\/\/ptta.at\/index.php?rest_route=\/wp\/v2\/types\/page"}],"author":[{"embeddable":true,"href":"https:\/\/ptta.at\/index.php?rest_route=\/wp\/v2\/users\/4"}],"replies":[{"embeddable":true,"href":"https:\/\/ptta.at\/index.php?rest_route=%2Fwp%2Fv2%2Fcomments&post=1243"}],"version-history":[{"count":14,"href":"https:\/\/ptta.at\/index.php?rest_route=\/wp\/v2\/pages\/1243\/revisions"}],"predecessor-version":[{"id":1301,"href":"https:\/\/ptta.at\/index.php?rest_route=\/wp\/v2\/pages\/1243\/revisions\/1301"}],"wp:attachment":[{"href":"https:\/\/ptta.at\/index.php?rest_route=%2Fwp%2Fv2%2Fmedia&parent=1243"}],"curies":[{"name":"wp","href":"https:\/\/api.w.org\/{rel}","templated":true}]}}