{"id":118,"date":"2024-09-14T13:02:17","date_gmt":"2024-09-14T11:02:17","guid":{"rendered":"https:\/\/demo.ptta.at\/?page_id=118"},"modified":"2025-08-09T13:34:36","modified_gmt":"2025-08-09T11:34:36","slug":"allgemeine-infos-ueber-parkinson","status":"publish","type":"page","link":"https:\/\/ptta.at\/?page_id=118","title":{"rendered":"Allgemeine Infos \u00fcber Parkinson"},"content":{"rendered":"\n<div class=\"wp-block-group alignfull has-accent-2-background-color has-background is-layout-grid wp-container-core-group-is-layout-094af86c wp-block-group-is-layout-grid\" style=\"margin-top:0;margin-bottom:0;padding-top:var(--wp--preset--spacing--50);padding-right:var(--wp--preset--spacing--50);padding-bottom:var(--wp--preset--spacing--50);padding-left:var(--wp--preset--spacing--50)\">\n<h2 class=\"wp-block-heading has-text-align-center\">Was ist Morbus Parkinson?<\/h2>\n\n\n\n<p>Die Parkinson-Krankheit ist der langsam fortschreitende Verlust von Nervenzellen. Sie ist unheilbarer und mit mehr als 6 Mio. Betroffenen die zweith\u00e4ufigste neurodegenerative Erkrankung der Welt. Der Verlust der Dopamin produzierenden Nervenzellen f\u00fchrt unter anderem zu Bewegungsst\u00f6rungen, wie Zittern oder Muskelsteifheit.&nbsp;Es gibt heute noch keine M\u00f6glichkeit einer urs\u00e4chlichen Behandlung des Parkinson-Syndroms, die das Fortschreiten der Erkrankung aufhalten oder gar mindern k\u00f6nnte. Derzeit ist lediglich die Behandlung der Symptome m\u00f6glich, um zumindest die Lebensqualit\u00e4t der Patienten etwas l\u00e4nger aufrechterhalten zu k\u00f6nnen.&nbsp;<\/p>\n\n\n\n<h2 class=\"wp-block-heading has-text-align-center\">Unser Konzept<\/h2>\n\n\n\n<p>Wir m\u00f6chten Tischtennis f\u00fcr jeden mit Parkinson, v\u00f6llig unabh\u00e4ngig von Vorkenntnissen oder k\u00f6rperlichen Beeintr\u00e4chtigungen, also vom Anf\u00e4nger bis zum fr\u00fcheren Tischtennis-Liga-Spieler, anbieten.<\/p>\n\n\n\n<h2 class=\"wp-block-heading has-text-align-center\">Unser Ziel<\/h2>\n\n\n\n<p>Die betroffenen Personen sollen langfristig an den Tischtennissport in der Gemeinschaft der regionalen Trainingsstandorte gebunden werden, um so neben der eigenen Gesundheitskompetenz auch die sozialen Kontakte und den Austausch unter Gleichgesinnten zu f\u00f6rdern.<\/p>\n<\/div>\n\n\n\n<h2 class=\"wp-block-heading\">Warum also Tischtennis-Spielen?<\/h2>\n\n\n\n<div class=\"wp-block-buttons is-layout-flex wp-block-buttons-is-layout-flex\">\n<div class=\"wp-block-button\"><a class=\"wp-block-button__link wp-element-button\" href=\"https:\/\/ptta.at\/?page_id=82\" target=\"_blank\" rel=\"noreferrer noopener\">Lesen Sie mehr&#8230;<\/a><\/div>\n<\/div>\n","protected":false},"excerpt":{"rendered":"<p>Was ist Morbus Parkinson? Die Parkinson-Krankheit ist der langsam fortschreitende Verlust von Nervenzellen. Sie ist unheilbarer und mit mehr als 6 Mio. Betroffenen die zweith\u00e4ufigste neurodegenerative Erkrankung der Welt. Der Verlust der Dopamin produzierenden Nervenzellen f\u00fchrt unter anderem zu Bewegungsst\u00f6rungen, wie Zittern oder Muskelsteifheit.&nbsp;Es gibt heute noch keine M\u00f6glichkeit einer urs\u00e4chlichen Behandlung des Parkinson-Syndroms, die [&hellip;]<\/p>\n","protected":false},"author":4,"featured_media":0,"parent":0,"menu_order":0,"comment_status":"closed","ping_status":"closed","template":"","meta":{"footnotes":""},"class_list":["post-118","page","type-page","status-publish","hentry"],"_links":{"self":[{"href":"https:\/\/ptta.at\/index.php?rest_route=\/wp\/v2\/pages\/118","targetHints":{"allow":["GET"]}}],"collection":[{"href":"https:\/\/ptta.at\/index.php?rest_route=\/wp\/v2\/pages"}],"about":[{"href":"https:\/\/ptta.at\/index.php?rest_route=\/wp\/v2\/types\/page"}],"author":[{"embeddable":true,"href":"https:\/\/ptta.at\/index.php?rest_route=\/wp\/v2\/users\/4"}],"replies":[{"embeddable":true,"href":"https:\/\/ptta.at\/index.php?rest_route=%2Fwp%2Fv2%2Fcomments&post=118"}],"version-history":[{"count":5,"href":"https:\/\/ptta.at\/index.php?rest_route=\/wp\/v2\/pages\/118\/revisions"}],"predecessor-version":[{"id":1600,"href":"https:\/\/ptta.at\/index.php?rest_route=\/wp\/v2\/pages\/118\/revisions\/1600"}],"wp:attachment":[{"href":"https:\/\/ptta.at\/index.php?rest_route=%2Fwp%2Fv2%2Fmedia&parent=118"}],"curies":[{"name":"wp","href":"https:\/\/api.w.org\/{rel}","templated":true}]}}